{"id":182,"date":"2020-07-16T21:44:14","date_gmt":"2020-07-16T19:44:14","guid":{"rendered":"https:\/\/lenfonal.hu\/?page_id=182"},"modified":"2024-04-01T23:17:51","modified_gmt":"2024-04-01T21:17:51","slug":"szallitas","status":"publish","type":"page","link":"https:\/\/lenfonal.hu\/index.php\/szallitas\/","title":{"rendered":"Sz\u00e1ll\u00edt\u00e1si lehet\u0151s\u00e9gek, felt\u00e9telek"},"content":{"rendered":"\n<p>A megv\u00e1s\u00e1rolni k\u00edv\u00e1nt term\u00e9keket lehet\u0151s\u00e9g van Foxpost csomagautomat\u00e1ba, Magyar Post\u00e1n kereszt\u00fcl, vagy k\u00f6zvetlen\u00fcl GLS fut\u00e1rral h\u00e1zhozsz\u00e1ll\u00edttatni. A Foxpost \u00e9s GLS csomagokat 24 \u00f3r\u00e1ban rendelkez\u00e9sre \u00e1ll\u00f3 csomagautomat\u00e1kon kereszt\u00fcl ind\u00edtom, a Magyar Posta csomagokat csak egy korl\u00e1tozott id\u0151ben nyitva tart\u00f3 postahivatalban tudom feladni, ez\u00e9rt itt jelent\u0151sen hosszabb sz\u00e1ll\u00edt\u00e1si id\u0151re kell sz\u00e1m\u00edtani.<\/p>\n\n\n\n<p>A sz\u00e1ll\u00edt\u00e1s k\u00f6lts\u00e9ge a csomag m\u00e9rete, s\u00falya \u00e9s az egyeztetett sz\u00e1ll\u00edt\u00e1si m\u00f3d alapj\u00e1n, a Foxpost, a GLS \u00e9s a Magyar Posta &#8211; MPL mindenkor \u00e9rv\u00e9nyes d\u00edjszab\u00e1s\u00e1nak megfelel\u0151len ker\u00fcl meghat\u00e1roz\u00e1sra. Tov\u00e1bb\u00e1 minden csomaghoz egyszeri 300Ft csomag\u00f6ssze\u00e1ll\u00edt\u00e1si d\u00edj ker\u00fcl felsz\u00e1m\u00edt\u00e1sra. Ez tartalmazza a csomagol\u00f3anyag, c\u00edmkenyomtat\u00e1s, felad\u00f3helyre sz\u00e1ll\u00edt\u00e1s stb. k\u00f6lts\u00e9g\u00e9t, hullad\u00e9kkezel\u00e9si d\u00edjat \u00e9s ad\u00f3kat.<\/p>\n\n\n\n<p>A megrendelt term\u00e9kek \u00e1r\u00e1nak kiegyenl\u00edt\u00e9se el\u0151zetes banki \u00e1tutal\u00e1ssal, vagy bankk\u00e1rty\u00e1s fizet\u00e9ssel lehets\u00e9ges, a sz\u00e1ll\u00edt\u00e1s az \u00f6sszeg be\u00e9rkez\u00e9se ut\u00e1n t\u00f6rt\u00e9nik meg. Ut\u00e1nv\u00e9tes sz\u00e1ll\u00edt\u00e1s is k\u00e9rhet\u0151, ez esetben k\u00e9rem figyelembe venni, hogy a megrendel\u00e9ssel a Vev\u0151 \u00e9s Elad\u00f3 fizet\u00e9si k\u00f6telezetts\u00e9ggel j\u00e1r\u00f3 szerz\u0151d\u00e9st k\u00f6t, melynek \u00e9rtelm\u00e9ben az \u00e1ru \u00e1t nem v\u00e9telekor a visszasz\u00e1ll\u00edt\u00e1si d\u00edj a Vev\u0151t terheli!<\/p>\n\n\n\n<p>Kiz\u00e1r\u00f3lag el\u0151re egyeztetett esetben lehet\u0151s\u00e9g van szem\u00e9lyes \u00e1tv\u00e9telre, ekkor k\u00e9szp\u00e9nzes, vagy bankk\u00e1rty\u00e1s fizet\u00e9s is lehets\u00e9ges.<\/p>\n","protected":false},"excerpt":{"rendered":"<p>A megv\u00e1s\u00e1rolni k\u00edv\u00e1nt term\u00e9keket lehet\u0151s\u00e9g van Foxpost csomagautomat\u00e1ba, Magyar Post\u00e1n kereszt\u00fcl, vagy k\u00f6zvetlen\u00fcl GLS fut\u00e1rral h\u00e1zhozsz\u00e1ll\u00edttatni. A Foxpost \u00e9s GLS csomagokat 24 \u00f3r\u00e1ban rendelkez\u00e9sre \u00e1ll\u00f3 csomagautomat\u00e1kon kereszt\u00fcl ind\u00edtom, a Magyar Posta csomagokat csak egy korl\u00e1tozott id\u0151ben nyitva tart\u00f3 postahivatalban tudom feladni, ez\u00e9rt itt jelent\u0151sen hosszabb sz\u00e1ll\u00edt\u00e1si id\u0151re kell sz\u00e1m\u00edtani. A sz\u00e1ll\u00edt\u00e1s k\u00f6lts\u00e9ge a csomag m\u00e9rete, &hellip; <\/p>\n<p class=\"link-more\"><a href=\"https:\/\/lenfonal.hu\/index.php\/szallitas\/\" class=\"more-link\">Continue reading<span class=\"screen-reader-text\"> &#8222;Sz\u00e1ll\u00edt\u00e1si lehet\u0151s\u00e9gek, felt\u00e9telek&#8221;<\/span><\/a><\/p>\n","protected":false},"author":2,"featured_media":0,"parent":0,"menu_order":0,"comment_status":"closed","ping_status":"closed","template":"","meta":{"footnotes":""},"class_list":["post-182","page","type-page","status-publish","hentry"],"_links":{"self":[{"href":"https:\/\/lenfonal.hu\/index.php\/wp-json\/wp\/v2\/pages\/182","targetHints":{"allow":["GET"]}}],"collection":[{"href":"https:\/\/lenfonal.hu\/index.php\/wp-json\/wp\/v2\/pages"}],"about":[{"href":"https:\/\/lenfonal.hu\/index.php\/wp-json\/wp\/v2\/types\/page"}],"author":[{"embeddable":true,"href":"https:\/\/lenfonal.hu\/index.php\/wp-json\/wp\/v2\/users\/2"}],"replies":[{"embeddable":true,"href":"https:\/\/lenfonal.hu\/index.php\/wp-json\/wp\/v2\/comments?post=182"}],"version-history":[{"count":11,"href":"https:\/\/lenfonal.hu\/index.php\/wp-json\/wp\/v2\/pages\/182\/revisions"}],"predecessor-version":[{"id":3349,"href":"https:\/\/lenfonal.hu\/index.php\/wp-json\/wp\/v2\/pages\/182\/revisions\/3349"}],"wp:attachment":[{"href":"https:\/\/lenfonal.hu\/index.php\/wp-json\/wp\/v2\/media?parent=182"}],"curies":[{"name":"wp","href":"https:\/\/api.w.org\/{rel}","templated":true}]}}