{"id":2089,"date":"2021-08-06T14:18:51","date_gmt":"2021-08-06T12:18:51","guid":{"rendered":"https:\/\/lenfonal.hu\/?page_id=2089"},"modified":"2022-01-11T11:43:12","modified_gmt":"2022-01-11T10:43:12","slug":"venne-elorendeles","status":"publish","type":"page","link":"https:\/\/lenfonal.hu\/index.php\/venne-elorendeles\/","title":{"rendered":"Venne el\u0151rendel\u00e9s"},"content":{"rendered":"\n<h2 class=\"wp-block-heading\">Venne el\u0151rendel\u00e9s<\/h2>\n\n\n\n<p>Ism\u00e9t lehet el\u0151rendelni a holland Venne Colcoton v\u00e1llalat bio \u00e9s kiv\u00e1l\u00f3 min\u0151s\u00e9g\u0171 pamut, len, gyapj\u00fa, selyem stb. fonalaib\u00f3l, c\u00e9rn\u00e1ib\u00f3l!<\/p>\n\n\n\n<h2 class=\"wp-block-heading\">A rendel\u00e9s lead\u00e1s\u00e1nak hat\u00e1rideje:<\/h2>\n\n\n\n<p><strong>2022.01.30. 23:59<\/strong><\/p>\n\n\n\n<p>Az el\u0151rendel\u00e9seket a Lenfonal.hu szervezi, az el\u0151rendel\u00e9sre ugyan\u00fagy a webshop m\u0171k\u00f6d\u00e9s\u00e9t szab\u00e1lyoz\u00f3&nbsp;<a rel=\"noreferrer noopener\" href=\"https:\/\/lenfonal.hu\/index.php\/aszf\/\" target=\"_blank\">\u00c1ltal\u00e1nos Szerz\u0151d\u00e9si Felt\u00e9telek<\/a>ben foglaltak az ir\u00e1nyad\u00f3k!<\/p>\n\n\n\n<p>Az el\u0151rendel\u00e9s legegyszer\u0171bben az <a href=\"https:\/\/lenfonal.hu\/urlap\" data-type=\"URL\" data-id=\"https:\/\/lenfonal.hu\/urlap\"><strong>\u0171rlap<\/strong><\/a> seg\u00edts\u00e9g\u00e9vel adhat\u00f3 le, ahol a teljes&nbsp;<strong>Venne<\/strong>&nbsp;k\u00edn\u00e1latb\u00f3l lehet v\u00e1logatni.<\/p>\n\n\n\n<p>Az \u00e1rakat \u00e9s a v\u00e1laszthat\u00f3 sz\u00edneket a rendel\u00e9si \u0171rlap tartalmazza, de az <a href=\"http:\/\/www.lenfonal.hu\/letoltes\/Venne-arlista.pdf\"><strong>\u00e1rlist\u00e1t<\/strong><\/a> k\u00fcl\u00f6n is le lehet t\u00f6lteni \u00e9s b\u00f6ng\u00e9szni.<\/p>\n\n\n\n<p><strong>FONTOS!<\/strong>&nbsp;A rendel\u00e9s a visszaigazol\u00e1ssal \u00e9s az \u00e1r 50%-\u00e1nak el\u0151re kifizet\u00e9s\u00e9vel v\u00e1lik v\u00e9glegess\u00e9. Fizetni \u00e1tutal\u00e1ssal, paypallal, vagy bankk\u00e1rty\u00e1val lehet. Az el\u0151rendel\u00e9s lead\u00e1sa ut\u00e1n minden esetben felvessz\u00fck a kapcsolatot egyeztetni a tov\u00e1bbi r\u00e9szleteket, ez\u00e9rt k\u00e9rj\u00fck az \u0171rlapot pontos adatokkal kit\u00f6lteni.<\/p>\n\n\n\n<h2 class=\"wp-block-heading\">V\u00e1rhat\u00f3 sz\u00e1ll\u00edt\u00e1s<\/h2>\n\n\n\n<p>A sz\u00e1ll\u00edt\u00e1s a rendel\u00e9si hat\u00e1rid\u0151t k\u00f6vet\u0151 2-3 h\u00e9ttel v\u00e1rhat\u00f3, de erre garanci\u00e1t nem tudunk adni. F\u00fcgg a gy\u00e1rt\u00f3t\u00f3l \u00e9s a sz\u00e1ll\u00edt\u00f3t\u00f3l is. Ezt k\u00e9rlek vedd figyelembe az el\u0151rendel\u00e9sed lead\u00e1sakor!<\/p>\n\n\n\n<p><\/p>\n\n\n\n<p>Ha m\u00e1r nagyon alkotn\u00e1l \u00e9s nem szeretn\u00e9l v\u00e1rni, n\u00e9zz k\u00f6r\u00fcl a k\u00e9szleten lev\u0151, azonnal sz\u00e1ll\u00edthat\u00f3 fonalaink k\u00f6z\u00f6tt is! \ud83d\ude09<br><\/p>\n","protected":false},"excerpt":{"rendered":"<p>Venne el\u0151rendel\u00e9s Ism\u00e9t lehet el\u0151rendelni a holland Venne Colcoton v\u00e1llalat bio \u00e9s kiv\u00e1l\u00f3 min\u0151s\u00e9g\u0171 pamut, len, gyapj\u00fa, selyem stb. fonalaib\u00f3l, c\u00e9rn\u00e1ib\u00f3l! A rendel\u00e9s lead\u00e1s\u00e1nak hat\u00e1rideje: 2022.01.30. 23:59 Az el\u0151rendel\u00e9seket a Lenfonal.hu szervezi, az el\u0151rendel\u00e9sre ugyan\u00fagy a webshop m\u0171k\u00f6d\u00e9s\u00e9t szab\u00e1lyoz\u00f3&nbsp;\u00c1ltal\u00e1nos Szerz\u0151d\u00e9si Felt\u00e9telekben foglaltak az ir\u00e1nyad\u00f3k! Az el\u0151rendel\u00e9s legegyszer\u0171bben az \u0171rlap seg\u00edts\u00e9g\u00e9vel adhat\u00f3 le, ahol a teljes&nbsp;Venne&nbsp;k\u00edn\u00e1latb\u00f3l &hellip; <\/p>\n<p class=\"link-more\"><a href=\"https:\/\/lenfonal.hu\/index.php\/venne-elorendeles\/\" class=\"more-link\">Continue reading<span class=\"screen-reader-text\"> &#8222;Venne el\u0151rendel\u00e9s&#8221;<\/span><\/a><\/p>\n","protected":false},"author":2,"featured_media":0,"parent":0,"menu_order":0,"comment_status":"closed","ping_status":"closed","template":"","meta":{"footnotes":""},"class_list":["post-2089","page","type-page","status-publish","hentry"],"_links":{"self":[{"href":"https:\/\/lenfonal.hu\/index.php\/wp-json\/wp\/v2\/pages\/2089","targetHints":{"allow":["GET"]}}],"collection":[{"href":"https:\/\/lenfonal.hu\/index.php\/wp-json\/wp\/v2\/pages"}],"about":[{"href":"https:\/\/lenfonal.hu\/index.php\/wp-json\/wp\/v2\/types\/page"}],"author":[{"embeddable":true,"href":"https:\/\/lenfonal.hu\/index.php\/wp-json\/wp\/v2\/users\/2"}],"replies":[{"embeddable":true,"href":"https:\/\/lenfonal.hu\/index.php\/wp-json\/wp\/v2\/comments?post=2089"}],"version-history":[{"count":9,"href":"https:\/\/lenfonal.hu\/index.php\/wp-json\/wp\/v2\/pages\/2089\/revisions"}],"predecessor-version":[{"id":2348,"href":"https:\/\/lenfonal.hu\/index.php\/wp-json\/wp\/v2\/pages\/2089\/revisions\/2348"}],"wp:attachment":[{"href":"https:\/\/lenfonal.hu\/index.php\/wp-json\/wp\/v2\/media?parent=2089"}],"curies":[{"name":"wp","href":"https:\/\/api.w.org\/{rel}","templated":true}]}}