{"id":132,"date":"2020-07-16T15:15:50","date_gmt":"2020-07-16T13:15:50","guid":{"rendered":"https:\/\/lenfonal.hu\/?post_type=product&#038;p=132"},"modified":"2025-04-28T12:36:24","modified_gmt":"2025-04-28T10:36:24","slug":"levendula","status":"publish","type":"product","link":"https:\/\/lenfonal.hu\/index.php\/termek\/levendula\/","title":{"rendered":"Levendula 1 \u00e1g\u00fa len fonal"},"content":{"rendered":"<p>Eur\u00f3pai uni\u00f3b\u00f3l sz\u00e1rmaz\u00f3, min\u0151s\u00e9gi v\u00e9kony len fonal.<\/p>\n<p>Egyetlen v\u00e9kony sz\u00e1lb\u00f3l \u00e1ll, lenre jellemz\u0151 m\u00f3don finoman f\u00e9nylik \u00e9s helyenk\u00e9nt kisebb g\u00f6b\u00f6k, egyenetlens\u00e9gek tark\u00edtj\u00e1k, mely a bel\u0151le k\u00e9sz\u00fclt darabok rusztikuss\u00e1g\u00e1t adja.<\/p>\n<p>K\u00f6nny\u0171 textilek sz\u00f6v\u00e9s\u00e9hez kiv\u00e1l\u00f3an alkalmas mint pl. st\u00f3la, kend\u0151, f\u00fcgg\u00f6ny, ing, bl\u00faz anyaga stb.<\/p>\n<p>J\u00f3l kezelhet\u0151 kiszerel\u00e9sben, m\u0171anyag cs\u00e9v\u00e9n \u00e9rkezik, melyet visszafogadok \u00fajrahasznos\u00edt\u00e1sra.<\/p>\n<p>\u00d6sszet\u00e9tel: 100% len<br \/>\nHossz\u00fas\u00e1g: 1790m\/100g (Tex 56 \/ Nm 17,9)<br \/>\n40 fokon g\u00e9ppel moshat\u00f3<br \/>\nFektetve, k\u00f6zvetlen napf\u00e9nyt\u0151l v\u00e9dve sz\u00e1r\u00edtand\u00f3<br \/>\nSz\u00e1r\u00edt\u00f3g\u00e9p haszn\u00e1lata ker\u00fclend\u0151<br \/>\nMagas fokozaton vasalhat\u00f3<\/p>\n","protected":false},"excerpt":{"rendered":"<p>Eur\u00f3pai uni\u00f3b\u00f3l sz\u00e1rmaz\u00f3, min\u0151s\u00e9gi v\u00e9kony len fonal. Egyetlen v\u00e9kony sz\u00e1lb\u00f3l \u00e1ll, lenre jellemz\u0151 m\u00f3don finoman f\u00e9nylik \u00e9s helyenk\u00e9nt kisebb g\u00f6b\u00f6k, egyenetlens\u00e9gek tark\u00edtj\u00e1k, mely a bel\u0151le k\u00e9sz\u00fclt darabok rusztikuss\u00e1g\u00e1t adja. K\u00f6nny\u0171 textilek sz\u00f6v\u00e9s\u00e9hez kiv\u00e1l\u00f3an alkalmas mint pl. st\u00f3la, kend\u0151, f\u00fcgg\u00f6ny, ing, bl\u00faz anyaga stb. J\u00f3l kezelhet\u0151 kiszerel\u00e9sben, m\u0171anyag cs\u00e9v\u00e9n \u00e9rkezik, melyet visszafogadok \u00fajrahasznos\u00edt\u00e1sra. \u00d6sszet\u00e9tel: 100% len &hellip; <\/p>\n<p class=\"link-more\"><a href=\"https:\/\/lenfonal.hu\/index.php\/termek\/levendula\/\" class=\"more-link\">Continue reading<span class=\"screen-reader-text\"> &#8222;Levendula 1 \u00e1g\u00fa len fonal&#8221;<\/span><\/a><\/p>\n","protected":false},"featured_media":136,"comment_status":"closed","ping_status":"closed","template":"","meta":[],"product_brand":[],"product_cat":[37,22],"product_tag":[72],"class_list":{"0":"post-132","1":"product","2":"type-product","3":"status-publish","4":"has-post-thumbnail","6":"product_cat-1-agu","7":"product_cat-len","8":"product_tag-originals-1-agu","9":"pa_egyseg-100-gramm","10":"pa_egyseg-20-gramm","11":"pa_egyseg-50-gramm","13":"first","14":"instock","15":"purchasable","16":"product-type-variable"},"_links":{"self":[{"href":"https:\/\/lenfonal.hu\/index.php\/wp-json\/wp\/v2\/product\/132","targetHints":{"allow":["GET"]}}],"collection":[{"href":"https:\/\/lenfonal.hu\/index.php\/wp-json\/wp\/v2\/product"}],"about":[{"href":"https:\/\/lenfonal.hu\/index.php\/wp-json\/wp\/v2\/types\/product"}],"replies":[{"embeddable":true,"href":"https:\/\/lenfonal.hu\/index.php\/wp-json\/wp\/v2\/comments?post=132"}],"wp:featuredmedia":[{"embeddable":true,"href":"https:\/\/lenfonal.hu\/index.php\/wp-json\/wp\/v2\/media\/136"}],"wp:attachment":[{"href":"https:\/\/lenfonal.hu\/index.php\/wp-json\/wp\/v2\/media?parent=132"}],"wp:term":[{"taxonomy":"product_brand","embeddable":true,"href":"https:\/\/lenfonal.hu\/index.php\/wp-json\/wp\/v2\/product_brand?post=132"},{"taxonomy":"product_cat","embeddable":true,"href":"https:\/\/lenfonal.hu\/index.php\/wp-json\/wp\/v2\/product_cat?post=132"},{"taxonomy":"product_tag","embeddable":true,"href":"https:\/\/lenfonal.hu\/index.php\/wp-json\/wp\/v2\/product_tag?post=132"}],"curies":[{"name":"wp","href":"https:\/\/api.w.org\/{rel}","templated":true}]}}