{"id":1360,"date":"2021-04-19T22:13:09","date_gmt":"2021-04-19T20:13:09","guid":{"rendered":"https:\/\/lenfonal.hu\/?post_type=product&#038;p=1360"},"modified":"2023-09-13T12:42:57","modified_gmt":"2023-09-13T10:42:57","slug":"venne-gots-organikus-pamut-fonal-2agu-nm-28-2","status":"publish","type":"product","link":"https:\/\/lenfonal.hu\/index.php\/termek\/venne-gots-organikus-pamut-fonal-2agu-nm-28-2\/","title":{"rendered":"Venne GOTS Organikus pamut fonal 2\u00e1g\u00fa Nm 28\/2"},"content":{"rendered":"<p style=\"text-align: left; padding-left: 40px;\">A Venne-Colcoton holland v\u00e1llalat k\u00f6zel 40 \u00e9ve foglalkozik f\u0151k\u00e9nt sz\u00f6v\u00e9shez val\u00f3 fonalak el\u0151\u00e1ll\u00edt\u00e1s\u00e1val \u00e9s kereskedelm\u00e9vel. Kifejezetten nagy hangs\u00falyt helyeznek term\u00e9keik min\u0151s\u00e9g\u00e9re, ezek el\u0151\u00e1ll\u00edt\u00e1s\u00e1nak k\u00f6rnyezeti, t\u00e1rsadalmi hat\u00e1saira, sok fonaluk a legszigor\u00fabb k\u00f6vetelm\u00e9nyeknek megfelel\u0151 GOTS tan\u00fas\u00edtv\u00e1nnyal rendelkezik.<\/p>\n<p>Aki ezt a fonalat v\u00e1lasztja, biztos lehet benne, hogy az a k\u00f6rnyezetv\u00e9delmi el\u0151\u00edr\u00e1soknak megfelel\u0151, etikus \u00e9s fenntarthat\u00f3 m\u00f3don k\u00e9sz\u00fclt.<\/p>\n<p>Ez a ragyog\u00f3 sz\u00ednekben v\u00e1laszthat\u00f3 pamut fonal sokf\u00e9le textil sz\u00f6v\u00e9s\u00e9hez alkalmas. Finomabb v\u00e1llkend\u0151, vagy st\u00f3la, d\u00edszp\u00e1rna is j\u00f3l mutat bel\u0151le. A GOTS tan\u00fas\u00edtv\u00e1ny miatt kifejezetten aj\u00e1nlott bab\u00e1knak, kisgyermekeknek sz\u00e1nt anyagokhoz, mint pl. hordoz\u00f3kend\u0151, f\u00fcrd\u0151leped\u0151, illetve konyhai felhaszn\u00e1l\u00e1sra, pl. kenyeres zs\u00e1knak, konyhai t\u00f6rl\u0151nek, szalv\u00e9t\u00e1nak, asztalter\u00edt\u0151nek.<\/p>\n<p>100g-os m\u0171anyag tekerve \u00e9rkezik, mely visszak\u00fcldhet\u0151 \u00fajrahasznos\u00edt\u00e1sra.<\/p>\n<p>100g kb. 1350m, Nm 28\/2 (Ne 16\/2)<\/p>\n<p>\u00d6sszet\u00e9tel: 100% organikus pamut<\/p>\n<p>\u00d6sszet\u00e9tel: 100% pamut<br \/>\nHossz\u00fas\u00e1g: 100g kb. 1350m, Nm 28\/2 (Ne 16\/2)<br \/>\n60 fokon g\u00e9ppel moshat\u00f3<br \/>\nSz\u00e1r\u00edt\u00f3g\u00e9pben k\u00edm\u00e9l\u0151 programon sz\u00e1r\u00edthat\u00f3<br \/>\nMagas fokozaton vasalhat\u00f3<\/p>\n","protected":false},"excerpt":{"rendered":"<blockquote><p>&nbsp;<\/p><\/blockquote>\n","protected":false},"featured_media":1184,"comment_status":"closed","ping_status":"closed","template":"","meta":[],"product_brand":[],"product_cat":[43,148,92,93],"product_tag":[95,96,101,94],"class_list":{"0":"post-1360","1":"product","2":"type-product","3":"status-publish","4":"has-post-thumbnail","6":"product_cat-2-agu","7":"product_cat-pamut","8":"product_cat-organikus-gots","9":"product_cat-venne","10":"product_tag-gots","11":"product_tag-organikus","12":"product_tag-pamut","13":"product_tag-venne","14":"pa_szin-5-1005-melysarga","15":"pa_szin-5-2009-narancs","16":"pa_szin-5-3003-langvoros","17":"pa_szin-5-3020-malnaszin","18":"pa_szin-5-4007-turkiz","19":"pa_szin-5-4075-kiralykek","20":"pa_szin-5-4077-sotet-szilvalila","21":"pa_szin-5-5043-almazold","22":"pa_szin-5-5053-pafranyzold","24":"first","25":"instock","26":"shipping-taxable","27":"purchasable","28":"product-type-variable"},"_links":{"self":[{"href":"https:\/\/lenfonal.hu\/index.php\/wp-json\/wp\/v2\/product\/1360","targetHints":{"allow":["GET"]}}],"collection":[{"href":"https:\/\/lenfonal.hu\/index.php\/wp-json\/wp\/v2\/product"}],"about":[{"href":"https:\/\/lenfonal.hu\/index.php\/wp-json\/wp\/v2\/types\/product"}],"replies":[{"embeddable":true,"href":"https:\/\/lenfonal.hu\/index.php\/wp-json\/wp\/v2\/comments?post=1360"}],"wp:featuredmedia":[{"embeddable":true,"href":"https:\/\/lenfonal.hu\/index.php\/wp-json\/wp\/v2\/media\/1184"}],"wp:attachment":[{"href":"https:\/\/lenfonal.hu\/index.php\/wp-json\/wp\/v2\/media?parent=1360"}],"wp:term":[{"taxonomy":"product_brand","embeddable":true,"href":"https:\/\/lenfonal.hu\/index.php\/wp-json\/wp\/v2\/product_brand?post=1360"},{"taxonomy":"product_cat","embeddable":true,"href":"https:\/\/lenfonal.hu\/index.php\/wp-json\/wp\/v2\/product_cat?post=1360"},{"taxonomy":"product_tag","embeddable":true,"href":"https:\/\/lenfonal.hu\/index.php\/wp-json\/wp\/v2\/product_tag?post=1360"}],"curies":[{"name":"wp","href":"https:\/\/api.w.org\/{rel}","templated":true}]}}