{"id":1879,"date":"2021-06-04T22:50:18","date_gmt":"2021-06-04T20:50:18","guid":{"rendered":"https:\/\/lenfonal.hu\/?post_type=product&#038;p=1879"},"modified":"2025-08-15T17:59:13","modified_gmt":"2025-08-15T15:59:13","slug":"venne-gots-organikus-len-fonal-2-agu-melyvoros","status":"publish","type":"product","link":"https:\/\/lenfonal.hu\/index.php\/termek\/venne-gots-organikus-len-fonal-2-agu-melyvoros\/","title":{"rendered":"Venne GOTS Organikus len fonal 2 \u00e1g\u00fa &#8211; M\u00e9lyv\u00f6r\u00f6s"},"content":{"rendered":"<p>A Venne-Colcoton holland v\u00e1llalat k\u00f6zel 40 \u00e9ve foglalkozik f\u0151k\u00e9nt sz\u00f6v\u00e9shez val\u00f3 fonalak el\u0151\u00e1ll\u00edt\u00e1s\u00e1val \u00e9s kereskedelm\u00e9vel. Kifejezetten nagy hangs\u00falyt helyeznek term\u00e9keik min\u0151s\u00e9g\u00e9re, ezek el\u0151\u00e1ll\u00edt\u00e1s\u00e1nak k\u00f6rnyezeti, t\u00e1rsadalmi hat\u00e1saira, sok fonaluk a legszigor\u00fabb k\u00f6vetelm\u00e9nyeknek megfelel\u0151 GOTS tan\u00fas\u00edtv\u00e1nnyal rendelkezik.<\/p>\n<p>Aki ezt a fonalat v\u00e1lasztja, biztos lehet benne, hogy az a k\u00f6rnyezetv\u00e9delmi el\u0151\u00edr\u00e1soknak megfelel\u0151, etikus \u00e9s fenntarthat\u00f3 m\u00f3don k\u00e9sz\u00fclt.<\/p>\n<p>100g kb. 550m, Nm 11\/2 (Nel 16\/2)<\/p>\n<p>Ez a fonal alkalmas horgol\u00f3c\u00e9rn\u00e1nak, vagy er\u0151sebb textilek sz\u00f6v\u00e9s\u00e9hez. Kifejezetten aj\u00e1nlott \u00e9lelmiszerrel \u00e9rintkez\u0151, konyhai felhaszn\u00e1l\u00e1sra, pl. kenyeres zs\u00e1knak, konyhai t\u00f6rl\u0151nek, szalv\u00e9t\u00e1nak, asztalter\u00edt\u0151nek.<\/p>\n<p>1,5-2-es t\u0171vel horgol\u00f3c\u00e9rn\u00e1nak is haszn\u00e1lhat\u00f3.<\/p>\n<p>100g-os, k\u00fapos m\u0171anyag cs\u00e9v\u00e9n \u00e9rkezik, mely visszak\u00fcldhet\u0151 \u00fajrahasznos\u00edt\u00e1sra.<\/p>\n<p>&nbsp;<\/p>\n","protected":false},"excerpt":{"rendered":"<p>A Venne-Colcoton holland v\u00e1llalat k\u00f6zel 40 \u00e9ve foglalkozik f\u0151k\u00e9nt sz\u00f6v\u00e9shez val\u00f3 fonalak el\u0151\u00e1ll\u00edt\u00e1s\u00e1val \u00e9s kereskedelm\u00e9vel. Kifejezetten nagy hangs\u00falyt helyeznek term\u00e9keik min\u0151s\u00e9g\u00e9re, ezek el\u0151\u00e1ll\u00edt\u00e1s\u00e1nak k\u00f6rnyezeti, t\u00e1rsadalmi hat\u00e1saira, sok fonaluk a legszigor\u00fabb k\u00f6vetelm\u00e9nyeknek megfelel\u0151 GOTS tan\u00fas\u00edtv\u00e1nnyal rendelkezik. Aki ezt a fonalat v\u00e1lasztja, biztos lehet benne, hogy az a k\u00f6rnyezetv\u00e9delmi el\u0151\u00edr\u00e1soknak megfelel\u0151, etikus \u00e9s fenntarthat\u00f3 m\u00f3don k\u00e9sz\u00fclt. 100g &hellip; <\/p>\n<p class=\"link-more\"><a href=\"https:\/\/lenfonal.hu\/index.php\/termek\/venne-gots-organikus-len-fonal-2-agu-melyvoros\/\" class=\"more-link\">Continue reading<span class=\"screen-reader-text\"> &#8222;Venne GOTS Organikus len fonal 2 \u00e1g\u00fa &#8211; M\u00e9lyv\u00f6r\u00f6s&#8221;<\/span><\/a><\/p>\n","protected":false},"featured_media":1070,"comment_status":"closed","ping_status":"closed","template":"","meta":[],"product_brand":[],"product_cat":[43,256,22,92,93],"product_tag":[95,98,96,94],"class_list":{"0":"post-1879","1":"product","2":"type-product","3":"status-publish","4":"has-post-thumbnail","6":"product_cat-2-agu","7":"product_cat-knit_crochet","8":"product_cat-len","9":"product_cat-organikus-gots","10":"product_cat-venne","11":"product_tag-gots","12":"product_tag-ketagu","13":"product_tag-organikus","14":"product_tag-venne","15":"pa_szin-1-0005-melysarga","16":"pa_szin-1-2002-mandarin","17":"pa_szin-1-3003-langvoros","18":"pa_szin-1-3005-melyvoros","19":"pa_szin-1-3033-cassis","20":"pa_szin-1-3039-burgundi-voros","21":"pa_szin-1-4005-sotetkek","22":"pa_szin-1-4007-turkiz","23":"pa_szin-1-4023-lila","24":"pa_szin-1-4039-melykek","25":"pa_szin-1-4058-egyiptomi-kek","26":"pa_szin-1-5043-almazold","27":"pa_szin-1-5053-pafranyzold","28":"pa_szin-1-6003-teglabarna","29":"pa_szin-1-7000-nyers","30":"pa_szin-1-7003-antracitszurke","31":"pa_szin-1-7007-lenfeher","32":"pa_szin-1-7023-vilagosszurke","33":"pa_szin-1-7099-fekete","35":"first","36":"instock","37":"shipping-taxable","38":"purchasable","39":"product-type-simple"},"_links":{"self":[{"href":"https:\/\/lenfonal.hu\/index.php\/wp-json\/wp\/v2\/product\/1879","targetHints":{"allow":["GET"]}}],"collection":[{"href":"https:\/\/lenfonal.hu\/index.php\/wp-json\/wp\/v2\/product"}],"about":[{"href":"https:\/\/lenfonal.hu\/index.php\/wp-json\/wp\/v2\/types\/product"}],"replies":[{"embeddable":true,"href":"https:\/\/lenfonal.hu\/index.php\/wp-json\/wp\/v2\/comments?post=1879"}],"wp:featuredmedia":[{"embeddable":true,"href":"https:\/\/lenfonal.hu\/index.php\/wp-json\/wp\/v2\/media\/1070"}],"wp:attachment":[{"href":"https:\/\/lenfonal.hu\/index.php\/wp-json\/wp\/v2\/media?parent=1879"}],"wp:term":[{"taxonomy":"product_brand","embeddable":true,"href":"https:\/\/lenfonal.hu\/index.php\/wp-json\/wp\/v2\/product_brand?post=1879"},{"taxonomy":"product_cat","embeddable":true,"href":"https:\/\/lenfonal.hu\/index.php\/wp-json\/wp\/v2\/product_cat?post=1879"},{"taxonomy":"product_tag","embeddable":true,"href":"https:\/\/lenfonal.hu\/index.php\/wp-json\/wp\/v2\/product_tag?post=1879"}],"curies":[{"name":"wp","href":"https:\/\/api.w.org\/{rel}","templated":true}]}}