{"id":2120,"date":"2021-08-15T15:55:18","date_gmt":"2021-08-15T13:55:18","guid":{"rendered":"https:\/\/lenfonal.hu\/?post_type=product&#038;p=2120"},"modified":"2024-06-12T19:46:09","modified_gmt":"2024-06-12T17:46:09","slug":"venne-gots-organikus-pamut-len-fonal-cottolin-lapis-lazuli-kek","status":"publish","type":"product","link":"https:\/\/lenfonal.hu\/index.php\/termek\/venne-gots-organikus-pamut-len-fonal-cottolin-lapis-lazuli-kek\/","title":{"rendered":"Venne GOTS Organikus pamut-len fonal (cottolin) &#8211; Lapis lazuli s\u00f6t\u00e9tlila"},"content":{"rendered":"<p>A Venne-Colcoton holland v\u00e1llalat k\u00f6zel 40 \u00e9ve foglalkozik f\u0151k\u00e9nt sz\u00f6v\u00e9shez val\u00f3 fonalak el\u0151\u00e1ll\u00edt\u00e1s\u00e1val \u00e9s kereskedelm\u00e9vel. Kifejezetten nagy hangs\u00falyt helyeznek term\u00e9keik min\u0151s\u00e9g\u00e9re, ezek el\u0151\u00e1ll\u00edt\u00e1s\u00e1nak k\u00f6rnyezeti, t\u00e1rsadalmi hat\u00e1saira, sok fonaluk a legszigor\u00fabb k\u00f6vetelm\u00e9nyeknek megfelel\u0151 GOTS tan\u00fas\u00edtv\u00e1nnyal rendelkezik.<\/p>\n<p>Aki ezt a fonalat v\u00e1lasztja, biztos lehet benne, hogy az a k\u00f6rnyezetv\u00e9delmi el\u0151\u00edr\u00e1soknak megfelel\u0151, etikus \u00e9s fenntarthat\u00f3 m\u00f3don k\u00e9sz\u00fclt.<\/p>\n<p>A pamut-len \u00f6sszet\u00e9tel miatt ez a fonal kifejezetten er\u0151s, m\u00e9gis kellemes tapint\u00e1s\u00fa, l\u00e1gyabb es\u00e9s\u0171. Alkalmas horgol\u00f3c\u00e9rn\u00e1nak, vagy er\u0151sebb textilek sz\u00f6v\u00e9s\u00e9hez. Kifejezetten aj\u00e1nlott bab\u00e1knak, kisgyermekeknek sz\u00e1nt anyagokhoz, mint pl. hordoz\u00f3kend\u0151, f\u00fcrd\u0151leped\u0151, illetve konyhai felhaszn\u00e1l\u00e1sra, pl. kenyeres zs\u00e1knak, konyhai t\u00f6rl\u0151nek, szalv\u00e9t\u00e1nak, asztalter\u00edt\u0151nek.<\/p>\n<p>1,5-2-es t\u0171vel horgol\u00f3c\u00e9rn\u00e1nak\u00a0 is haszn\u00e1lhat\u00f3.<\/p>\n<p>100g-os kiszerel\u00e9sben, pap\u00edrcs\u00e9v\u00e9re tekerve \u00e9rkezik, mely visszak\u00fcldhet\u0151 \u00fajrahasznos\u00edt\u00e1sra.<\/p>\n<p>\u00d6sszet\u00e9tel: 60% pamut &#8211; 40% len<br \/>\nHossz\u00fas\u00e1g: 100g kb. 640m, Nm 13\/2 (Nel 22\/2)<br \/>\nAj\u00e1nlott horgol\u00f3t\u0171 m\u00e9ret: 1,5-2 mm<br \/>\n40 fokon g\u00e9ppel moshat\u00f3<br \/>\nFektetve, k\u00f6zvetlen napf\u00e9nyt\u0151l v\u00e9dve sz\u00e1r\u00edtand\u00f3<br \/>\nSz\u00e1r\u00edt\u00f3g\u00e9pben k\u00edm\u00e9l\u0151 programon sz\u00e1r\u00edthat\u00f3<br \/>\nMagas fokozaton vasalhat\u00f3<\/p>\n","protected":false},"excerpt":{"rendered":"<p>A Venne-Colcoton holland v\u00e1llalat k\u00f6zel 40 \u00e9ve foglalkozik f\u0151k\u00e9nt sz\u00f6v\u00e9shez val\u00f3 fonalak el\u0151\u00e1ll\u00edt\u00e1s\u00e1val \u00e9s kereskedelm\u00e9vel. Kifejezetten nagy hangs\u00falyt helyeznek term\u00e9keik min\u0151s\u00e9g\u00e9re, ezek el\u0151\u00e1ll\u00edt\u00e1s\u00e1nak k\u00f6rnyezeti, t\u00e1rsadalmi hat\u00e1saira, sok fonaluk a legszigor\u00fabb k\u00f6vetelm\u00e9nyeknek megfelel\u0151 GOTS tan\u00fas\u00edtv\u00e1nnyal rendelkezik. Aki ezt a fonalat v\u00e1lasztja, biztos lehet benne, hogy az a k\u00f6rnyezetv\u00e9delmi el\u0151\u00edr\u00e1soknak megfelel\u0151, etikus \u00e9s fenntarthat\u00f3 m\u00f3don k\u00e9sz\u00fclt. A &hellip; <\/p>\n<p class=\"link-more\"><a href=\"https:\/\/lenfonal.hu\/index.php\/termek\/venne-gots-organikus-pamut-len-fonal-cottolin-lapis-lazuli-kek\/\" class=\"more-link\">Continue reading<span class=\"screen-reader-text\"> &#8222;Venne GOTS Organikus pamut-len fonal (cottolin) &#8211; Lapis lazuli s\u00f6t\u00e9tlila&#8221;<\/span><\/a><\/p>\n","protected":false},"featured_media":1143,"comment_status":"closed","ping_status":"closed","template":"","meta":[],"product_brand":[],"product_cat":[256,76,92,93],"product_tag":[95,98,80,96,101,94],"class_list":{"0":"post-2120","1":"product","2":"type-product","3":"status-publish","4":"has-post-thumbnail","6":"product_cat-knit_crochet","7":"product_cat-len-es-mas","8":"product_cat-organikus-gots","9":"product_cat-venne","10":"product_tag-gots","11":"product_tag-ketagu","12":"product_tag-len","13":"product_tag-organikus","14":"product_tag-pamut","15":"product_tag-venne","16":"pa_egyseg-100g-640m","17":"pa_egyseg-250g-1600m","18":"pa_szin-3-1006-sarga","19":"pa_szin-3-2009-narancs","20":"pa_szin-3-3004-bogyoszin","21":"pa_szin-3-3026-barackszin","22":"pa_szin-3-4042-akvamarin","23":"pa_szin-3-4052-lapis-lazuli-kek","24":"pa_szin-3-4062-kobaltkek","25":"pa_szin-3-5028-tavaszi-elenkzold","26":"pa_szin-3-5052-ajandek-zold","27":"pa_szin-3-6024-ozbarna","28":"pa_szin-3-7000-nyers","29":"pa_szin-3-7099-fekete","31":"first","32":"instock","33":"shipping-taxable","34":"purchasable","35":"product-type-simple"},"_links":{"self":[{"href":"https:\/\/lenfonal.hu\/index.php\/wp-json\/wp\/v2\/product\/2120","targetHints":{"allow":["GET"]}}],"collection":[{"href":"https:\/\/lenfonal.hu\/index.php\/wp-json\/wp\/v2\/product"}],"about":[{"href":"https:\/\/lenfonal.hu\/index.php\/wp-json\/wp\/v2\/types\/product"}],"replies":[{"embeddable":true,"href":"https:\/\/lenfonal.hu\/index.php\/wp-json\/wp\/v2\/comments?post=2120"}],"wp:featuredmedia":[{"embeddable":true,"href":"https:\/\/lenfonal.hu\/index.php\/wp-json\/wp\/v2\/media\/1143"}],"wp:attachment":[{"href":"https:\/\/lenfonal.hu\/index.php\/wp-json\/wp\/v2\/media?parent=2120"}],"wp:term":[{"taxonomy":"product_brand","embeddable":true,"href":"https:\/\/lenfonal.hu\/index.php\/wp-json\/wp\/v2\/product_brand?post=2120"},{"taxonomy":"product_cat","embeddable":true,"href":"https:\/\/lenfonal.hu\/index.php\/wp-json\/wp\/v2\/product_cat?post=2120"},{"taxonomy":"product_tag","embeddable":true,"href":"https:\/\/lenfonal.hu\/index.php\/wp-json\/wp\/v2\/product_tag?post=2120"}],"curies":[{"name":"wp","href":"https:\/\/api.w.org\/{rel}","templated":true}]}}