{"id":2278,"date":"2021-10-07T15:06:36","date_gmt":"2021-10-07T13:06:36","guid":{"rendered":"https:\/\/lenfonal.hu\/?post_type=product&#038;p=2278"},"modified":"2025-11-02T12:04:45","modified_gmt":"2025-11-02T11:04:45","slug":"venne-100-selyemcerna-nm-60-2-gyongyszurke","status":"publish","type":"product","link":"https:\/\/lenfonal.hu\/index.php\/termek\/venne-100-selyemcerna-nm-60-2-gyongyszurke\/","title":{"rendered":"Venne 100% selyemc\u00e9rna Nm 60\/2 &#8211; Gy\u00f6ngysz\u00fcrke"},"content":{"rendered":"<p>A Venne-Colcoton holland v\u00e1llalat k\u00f6zel 40 \u00e9ve foglalkozik f\u0151k\u00e9nt sz\u00f6v\u00e9shez val\u00f3 fonalak el\u0151\u00e1ll\u00edt\u00e1s\u00e1val \u00e9s kereskedelm\u00e9vel. Kifejezetten nagy hangs\u00falyt helyeznek term\u00e9keik min\u0151s\u00e9g\u00e9re, ezek el\u0151\u00e1ll\u00edt\u00e1s\u00e1nak k\u00f6rnyezeti, t\u00e1rsadalmi hat\u00e1saira, sok fonaluk a legszigor\u00fabb k\u00f6vetelm\u00e9nyeknek megfelel\u0151 GOTS tan\u00fas\u00edtv\u00e1nnyal rendelkezik.<\/p>\n<p>Ez a hajsz\u00e1lv\u00e9kony selyem fonal kiv\u00e1l\u00f3an alkalmas h\u00edmz\u00e9shez, csipkever\u00e9shez, sz\u00f6v\u00e9shez&#8230;stb. Csod\u00e1s sz\u00edneit a selyem anyag\u00e1nak f\u00e9nye kifejezetten ragyog\u00f3v\u00e1 teszi.<\/p>\n<p>Mini spulnikon \u00e9rkezik<\/p>\n<p>3g 90m, Nm 60\/2<\/p>\n<p>\u00d6sszet\u00e9tel: 100% selyem<\/p>\n","protected":false},"excerpt":{"rendered":"<p>A Venne-Colcoton holland v\u00e1llalat k\u00f6zel 40 \u00e9ve foglalkozik f\u0151k\u00e9nt sz\u00f6v\u00e9shez val\u00f3 fonalak el\u0151\u00e1ll\u00edt\u00e1s\u00e1val \u00e9s kereskedelm\u00e9vel. Kifejezetten nagy hangs\u00falyt helyeznek term\u00e9keik min\u0151s\u00e9g\u00e9re, ezek el\u0151\u00e1ll\u00edt\u00e1s\u00e1nak k\u00f6rnyezeti, t\u00e1rsadalmi hat\u00e1saira, sok fonaluk a legszigor\u00fabb k\u00f6vetelm\u00e9nyeknek megfelel\u0151 GOTS tan\u00fas\u00edtv\u00e1nnyal rendelkezik. Ez a hajsz\u00e1lv\u00e9kony selyem fonal kiv\u00e1l\u00f3an alkalmas h\u00edmz\u00e9shez, csipkever\u00e9shez, sz\u00f6v\u00e9shez&#8230;stb. Csod\u00e1s sz\u00edneit a selyem anyag\u00e1nak f\u00e9nye kifejezetten ragyog\u00f3v\u00e1 teszi. Mini &hellip; <\/p>\n<p class=\"link-more\"><a href=\"https:\/\/lenfonal.hu\/index.php\/termek\/venne-100-selyemcerna-nm-60-2-gyongyszurke\/\" class=\"more-link\">Continue reading<span class=\"screen-reader-text\"> &#8222;Venne 100% selyemc\u00e9rna Nm 60\/2 &#8211; Gy\u00f6ngysz\u00fcrke&#8221;<\/span><\/a><\/p>\n","protected":false},"featured_media":2191,"comment_status":"closed","ping_status":"closed","template":"","meta":[],"product_brand":[],"product_cat":[191,93],"product_tag":[195,193,79,194,302,94],"class_list":{"0":"post-2278","1":"product","2":"type-product","3":"status-publish","4":"has-post-thumbnail","6":"product_cat-selyem","7":"product_cat-venne","8":"product_tag-csipkeveres","9":"product_tag-himzes","10":"product_tag-selyem","11":"product_tag-szoves","12":"product_tag-varras","13":"product_tag-venne","14":"pa_egyseg-25g-750m","15":"pa_egyseg-3g-90m","17":"first","18":"instock","19":"shipping-taxable","20":"purchasable","21":"product-type-variable"},"_links":{"self":[{"href":"https:\/\/lenfonal.hu\/index.php\/wp-json\/wp\/v2\/product\/2278","targetHints":{"allow":["GET"]}}],"collection":[{"href":"https:\/\/lenfonal.hu\/index.php\/wp-json\/wp\/v2\/product"}],"about":[{"href":"https:\/\/lenfonal.hu\/index.php\/wp-json\/wp\/v2\/types\/product"}],"replies":[{"embeddable":true,"href":"https:\/\/lenfonal.hu\/index.php\/wp-json\/wp\/v2\/comments?post=2278"}],"wp:featuredmedia":[{"embeddable":true,"href":"https:\/\/lenfonal.hu\/index.php\/wp-json\/wp\/v2\/media\/2191"}],"wp:attachment":[{"href":"https:\/\/lenfonal.hu\/index.php\/wp-json\/wp\/v2\/media?parent=2278"}],"wp:term":[{"taxonomy":"product_brand","embeddable":true,"href":"https:\/\/lenfonal.hu\/index.php\/wp-json\/wp\/v2\/product_brand?post=2278"},{"taxonomy":"product_cat","embeddable":true,"href":"https:\/\/lenfonal.hu\/index.php\/wp-json\/wp\/v2\/product_cat?post=2278"},{"taxonomy":"product_tag","embeddable":true,"href":"https:\/\/lenfonal.hu\/index.php\/wp-json\/wp\/v2\/product_tag?post=2278"}],"curies":[{"name":"wp","href":"https:\/\/api.w.org\/{rel}","templated":true}]}}