{"id":2312,"date":"2021-10-07T21:24:00","date_gmt":"2021-10-07T19:24:00","guid":{"rendered":"https:\/\/lenfonal.hu\/?post_type=product&#038;p=2312"},"modified":"2026-04-14T13:44:22","modified_gmt":"2026-04-14T11:44:22","slug":"len-cerna-nm-34-2-kek","status":"publish","type":"product","link":"https:\/\/lenfonal.hu\/index.php\/termek\/len-cerna-nm-34-2-kek\/","title":{"rendered":"Len c\u00e9rna Nm 34\/2 &#8211; K\u00e9k"},"content":{"rendered":"<p>A Venne-Colcoton holland v\u00e1llalat k\u00f6zel 40 \u00e9ve foglalkozik f\u0151k\u00e9nt sz\u00f6v\u00e9shez val\u00f3 fonalak el\u0151\u00e1ll\u00edt\u00e1s\u00e1val \u00e9s kereskedelm\u00e9vel. Kifejezetten nagy hangs\u00falyt helyeznek term\u00e9keik min\u0151s\u00e9g\u00e9re, ezek el\u0151\u00e1ll\u00edt\u00e1s\u00e1nak k\u00f6rnyezeti, t\u00e1rsadalmi hat\u00e1saira, sok fonaluk a legszigor\u00fabb k\u00f6vetelm\u00e9nyeknek megfelel\u0151 GOTS tan\u00fas\u00edtv\u00e1nnyal rendelkezik.<\/p>\n<p>Ez a len c\u00e9rna k\u00e9t hajsz\u00e1lv\u00e9kony sz\u00e1lb\u00f3l \u00e1ll, er\u0151s, kifejezetten alkalmas k\u00e9zi varr\u00e1shoz, d\u00edsz\u00edt\u0151 \u00f6lt\u00e9sekhez, csipkever\u00e9shez stb.<\/p>\n<p>\u00d6sszet\u00e9tel: 100% len<br \/>\nHossz\u00fas\u00e1g: 12,5g\/175m (Nm 34\/2)<br \/>\n40 fokon g\u00e9ppel moshat\u00f3<br \/>\nFektetve, k\u00f6zvetlen napf\u00e9nyt\u0151l v\u00e9dve sz\u00e1r\u00edtand\u00f3<br \/>\nSz\u00e1r\u00edt\u00f3g\u00e9p haszn\u00e1lata ker\u00fclend\u0151<br \/>\nMagas fokozaton vasalhat\u00f3<\/p>\n<p>12,5g-os mini pap\u00edr spulnikon \u00e9rkezik.<\/p>\n<p>&nbsp;<\/p>\n","protected":false},"excerpt":{"rendered":"<p>A Venne-Colcoton holland v\u00e1llalat k\u00f6zel 40 \u00e9ve foglalkozik f\u0151k\u00e9nt sz\u00f6v\u00e9shez val\u00f3 fonalak el\u0151\u00e1ll\u00edt\u00e1s\u00e1val \u00e9s kereskedelm\u00e9vel. Kifejezetten nagy hangs\u00falyt helyeznek term\u00e9keik min\u0151s\u00e9g\u00e9re, ezek el\u0151\u00e1ll\u00edt\u00e1s\u00e1nak k\u00f6rnyezeti, t\u00e1rsadalmi hat\u00e1saira, sok fonaluk a legszigor\u00fabb k\u00f6vetelm\u00e9nyeknek megfelel\u0151 GOTS tan\u00fas\u00edtv\u00e1nnyal rendelkezik. Ez a len c\u00e9rna k\u00e9t hajsz\u00e1lv\u00e9kony sz\u00e1lb\u00f3l \u00e1ll, er\u0151s, kifejezetten alkalmas k\u00e9zi varr\u00e1shoz, d\u00edsz\u00edt\u0151 \u00f6lt\u00e9sekhez, csipkever\u00e9shez stb. \u00d6sszet\u00e9tel: 100% len &hellip; <\/p>\n<p class=\"link-more\"><a href=\"https:\/\/lenfonal.hu\/index.php\/termek\/len-cerna-nm-34-2-kek\/\" class=\"more-link\">Continue reading<span class=\"screen-reader-text\"> &#8222;Len c\u00e9rna Nm 34\/2 &#8211; K\u00e9k&#8221;<\/span><\/a><\/p>\n","protected":false},"featured_media":2216,"comment_status":"closed","ping_status":"closed","template":"","meta":[],"product_brand":[],"product_cat":[43,22,93],"product_tag":[195,193,98,194,302,94],"class_list":{"0":"post-2312","1":"product","2":"type-product","3":"status-publish","4":"has-post-thumbnail","6":"product_cat-2-agu","7":"product_cat-len","8":"product_cat-venne","9":"product_tag-csipkeveres","10":"product_tag-himzes","11":"product_tag-ketagu","12":"product_tag-szoves","13":"product_tag-varras","14":"product_tag-venne","15":"pa_szin-1-0005-melysarga","16":"pa_szin-1-2002-mandarin","17":"pa_szin-1-3003-langvoros","18":"pa_szin-1-3005-melyvoros","19":"pa_szin-1-3033-cassis","20":"pa_szin-1-3039-burgundi-voros","21":"pa_szin-1-4005-melykek","22":"pa_szin-1-4005-sotetkek","23":"pa_szin-1-4007-turkiz","24":"pa_szin-1-4023-lila","25":"pa_szin-1-4039-melykek","26":"pa_szin-1-4058-egyiptomi-kek","27":"pa_szin-1-5043-almazold","28":"pa_szin-1-5053-pafranyzold","29":"pa_szin-1-6003-teglabarna","30":"pa_szin-1-7000-nyers","31":"pa_szin-1-7003-antracitszurke","32":"pa_szin-1-7007-lenfeher","33":"pa_szin-1-7023-vilagosszurke","34":"pa_szin-1-7099-fekete","36":"first","37":"instock","38":"shipping-taxable","39":"purchasable","40":"product-type-simple"},"_links":{"self":[{"href":"https:\/\/lenfonal.hu\/index.php\/wp-json\/wp\/v2\/product\/2312","targetHints":{"allow":["GET"]}}],"collection":[{"href":"https:\/\/lenfonal.hu\/index.php\/wp-json\/wp\/v2\/product"}],"about":[{"href":"https:\/\/lenfonal.hu\/index.php\/wp-json\/wp\/v2\/types\/product"}],"replies":[{"embeddable":true,"href":"https:\/\/lenfonal.hu\/index.php\/wp-json\/wp\/v2\/comments?post=2312"}],"wp:featuredmedia":[{"embeddable":true,"href":"https:\/\/lenfonal.hu\/index.php\/wp-json\/wp\/v2\/media\/2216"}],"wp:attachment":[{"href":"https:\/\/lenfonal.hu\/index.php\/wp-json\/wp\/v2\/media?parent=2312"}],"wp:term":[{"taxonomy":"product_brand","embeddable":true,"href":"https:\/\/lenfonal.hu\/index.php\/wp-json\/wp\/v2\/product_brand?post=2312"},{"taxonomy":"product_cat","embeddable":true,"href":"https:\/\/lenfonal.hu\/index.php\/wp-json\/wp\/v2\/product_cat?post=2312"},{"taxonomy":"product_tag","embeddable":true,"href":"https:\/\/lenfonal.hu\/index.php\/wp-json\/wp\/v2\/product_tag?post=2312"}],"curies":[{"name":"wp","href":"https:\/\/api.w.org\/{rel}","templated":true}]}}