{"id":2618,"date":"2022-08-02T15:30:04","date_gmt":"2022-08-02T13:30:04","guid":{"rendered":"https:\/\/lenfonal.hu\/?post_type=product&#038;p=2618"},"modified":"2023-05-18T20:21:49","modified_gmt":"2023-05-18T18:21:49","slug":"pamut-len-kasmir-800m-egyedi-festett-fonal-januari-ho","status":"publish","type":"product","link":"https:\/\/lenfonal.hu\/index.php\/termek\/pamut-len-kasmir-800m-egyedi-festett-fonal-januari-ho\/","title":{"rendered":"Pamut-len-kasm\u00edr 800m egyedi festett fonal &#8211; Janu\u00e1ri h\u00f3"},"content":{"rendered":"<p>K\u00fcl\u00f6nleges fest\u00e9si elj\u00e1r\u00e1ssal k\u00e9sz\u00fclt ez a motring. A fonallal r\u00e9tegezett h\u00f3 lassan elolvadva mag\u00e1val vitte a fest\u00e9ket csod\u00e1s v\u00e9letlenszer\u0171 sz\u00ednkevered\u00e9seket hagyva rajta.<\/p>\n<p>Ez a fonal kifejezetten er\u0151s a pamut-len \u00f6sszet\u00e9tele miatt, a hozz\u00e1adott kasm\u00edr pedig kifejezetten puha tapint\u00e1s\u00fav\u00e1, luxus \u00e9rzet\u0171v\u00e9 var\u00e1zsolja.<\/p>\n<p>Ide\u00e1lis tavaszi-\u0151szi kend\u0151k, finomabb ruh\u00e1zathoz val\u00f3 anyagok sz\u00f6v\u00e9s\u00e9re, csipkekend\u0151k, ny\u00e1ri fels\u0151k k\u00f6t\u00e9s\u00e9re-horgol\u00e1s\u00e1ra.<\/p>\n<p>Lace vastags\u00e1g, aj\u00e1nlott t\u0171m\u00e9ret: 2-3-as<\/p>\n<p>100g 800m (Nm 50\/6) motring<\/p>\n<p>\u00d6sszet\u00e9tel: 50% pamut \u2013 30% len &#8211; 20% kasm\u00edr<\/p>\n<p>30 fokon k\u00edm\u00e9l\u0151 mos\u00e1st ig\u00e9nyel<br \/>\nProfesszion\u00e1lis fest\u00e9kkel, nagy gondoss\u00e1ggal k\u00e9sz\u00fclt, ennek ellen\u00e9re kis m\u00e9rt\u00e9kben sz\u00edn\u00e9t eresztheti, mos\u00e1sa sz\u00ednfog\u00f3 kend\u0151vel javasolt.<br \/>\nFektetve sz\u00e1r\u00edtand\u00f3<br \/>\nSz\u00e1r\u00edt\u00f3g\u00e9p haszn\u00e1lata ker\u00fclend\u0151<br \/>\nK\u00f6zepes fokozaton vasalhat\u00f3<\/p>\n","protected":false},"excerpt":{"rendered":"<p>K\u00fcl\u00f6nleges fest\u00e9si elj\u00e1r\u00e1ssal k\u00e9sz\u00fclt ez a motring. A fonallal r\u00e9tegezett h\u00f3 lassan elolvadva mag\u00e1val vitte a fest\u00e9ket csod\u00e1s v\u00e9letlenszer\u0171 sz\u00ednkevered\u00e9seket hagyva rajta. Ez a fonal kifejezetten er\u0151s a pamut-len \u00f6sszet\u00e9tele miatt, a hozz\u00e1adott kasm\u00edr pedig kifejezetten puha tapint\u00e1s\u00fav\u00e1, luxus \u00e9rzet\u0171v\u00e9 var\u00e1zsolja. Ide\u00e1lis tavaszi-\u0151szi kend\u0151k, finomabb ruh\u00e1zathoz val\u00f3 anyagok sz\u00f6v\u00e9s\u00e9re, csipkekend\u0151k, ny\u00e1ri fels\u0151k k\u00f6t\u00e9s\u00e9re-horgol\u00e1s\u00e1ra. Lace vastags\u00e1g, &hellip; <\/p>\n<p class=\"link-more\"><a href=\"https:\/\/lenfonal.hu\/index.php\/termek\/pamut-len-kasmir-800m-egyedi-festett-fonal-januari-ho\/\" class=\"more-link\">Continue reading<span class=\"screen-reader-text\"> &#8222;Pamut-len-kasm\u00edr 800m egyedi festett fonal &#8211; Janu\u00e1ri h\u00f3&#8221;<\/span><\/a><\/p>\n","protected":false},"featured_media":2598,"comment_status":"closed","ping_status":"closed","template":"","meta":[],"product_brand":[],"product_cat":[256,69,76,93],"product_tag":[84,77,145,146,70,80,83,101,82],"class_list":{"0":"post-2618","1":"product","2":"type-product","3":"status-publish","4":"has-post-thumbnail","6":"product_cat-knit_crochet","7":"product_cat-kezzel-festett","8":"product_cat-len-es-mas","9":"product_cat-venne","10":"product_tag-100g-800m","11":"product_tag-egyedi-festett","12":"product_tag-festenivalo","13":"product_tag-kasmir","14":"product_tag-kezzel-festett","15":"product_tag-len","16":"product_tag-len-es-mas","17":"product_tag-pamut","18":"product_tag-utazas","19":"pa_egyseg-100g-800m","20":"pa_egyseg-1kg-8000m","21":"pa_egyseg-50g-400m","23":"first","24":"outofstock","25":"shipping-taxable","26":"purchasable","27":"product-type-simple"},"_links":{"self":[{"href":"https:\/\/lenfonal.hu\/index.php\/wp-json\/wp\/v2\/product\/2618","targetHints":{"allow":["GET"]}}],"collection":[{"href":"https:\/\/lenfonal.hu\/index.php\/wp-json\/wp\/v2\/product"}],"about":[{"href":"https:\/\/lenfonal.hu\/index.php\/wp-json\/wp\/v2\/types\/product"}],"replies":[{"embeddable":true,"href":"https:\/\/lenfonal.hu\/index.php\/wp-json\/wp\/v2\/comments?post=2618"}],"wp:featuredmedia":[{"embeddable":true,"href":"https:\/\/lenfonal.hu\/index.php\/wp-json\/wp\/v2\/media\/2598"}],"wp:attachment":[{"href":"https:\/\/lenfonal.hu\/index.php\/wp-json\/wp\/v2\/media?parent=2618"}],"wp:term":[{"taxonomy":"product_brand","embeddable":true,"href":"https:\/\/lenfonal.hu\/index.php\/wp-json\/wp\/v2\/product_brand?post=2618"},{"taxonomy":"product_cat","embeddable":true,"href":"https:\/\/lenfonal.hu\/index.php\/wp-json\/wp\/v2\/product_cat?post=2618"},{"taxonomy":"product_tag","embeddable":true,"href":"https:\/\/lenfonal.hu\/index.php\/wp-json\/wp\/v2\/product_tag?post=2618"}],"curies":[{"name":"wp","href":"https:\/\/api.w.org\/{rel}","templated":true}]}}