{"id":2856,"date":"2023-02-06T15:36:36","date_gmt":"2023-02-06T14:36:36","guid":{"rendered":"https:\/\/lenfonal.hu\/?post_type=product&#038;p=2856"},"modified":"2023-02-06T15:37:08","modified_gmt":"2023-02-06T14:37:08","slug":"bambusz-len-400m-nyers-egyedi-festett-fonal-magenta1","status":"publish","type":"product","link":"https:\/\/lenfonal.hu\/index.php\/termek\/bambusz-len-400m-nyers-egyedi-festett-fonal-magenta1\/","title":{"rendered":"Bambusz-len 400m nyers &#8211; egyedi festett fonal &#8211; Magenta1"},"content":{"rendered":"<p>Csod\u00e1s \u00f6sszet\u00e9tel\u0171 fonal, puha tapint\u00e1s\u00fa, 4 v\u00e9kony sz\u00e1lb\u00f3l sz\u00e9p egyenletesen van megsodorva. A bambusz finoms\u00e1got \u00e9s enyhe f\u00e9nyt, a len tart\u00e1st \u00e9s er\u0151t ad neki.<\/p>\n<p>Az ebb\u0151l k\u00e9sz\u00fclt anyag kiv\u00e1l\u00f3 nedvsz\u00edv\u00f3, ez\u00e9rt t\u00f6r\u00f6lk\u00f6z\u0151, k\u00e9zt\u00f6rl\u0151 sz\u00f6v\u00e9s\u00e9re is kiv\u00e1l\u00f3an alkalmas.<\/p>\n<p>K\u00f6tve, horgolva\u00a0 tavaszi-\u0151szi sapk\u00e1hoz, nyakmeleg\u00edt\u0151h\u00f6z, de ak\u00e1r egy v\u00e9konyabb pul\u00f3ver, kardig\u00e1n is elk\u00e9sz\u00edthet\u0151 bel\u0151le. Vastags\u00e1ga \u00e9s \u00f6sszet\u00e9tele miatt ny\u00e1ri zoknik k\u00f6t\u00e9s\u00e9nek is ide\u00e1lis alapanyaga.<\/p>\n<p>Sport vastags\u00e1g\u00fa, aj\u00e1nlott t\u0171m\u00e9ret: 2-3-as<\/p>\n<p>Professzion\u00e1lis fest\u00e9kkel, nagy gondoss\u00e1ggal k\u00e9sz\u00fclt, ennek ellen\u00e9re kis m\u00e9rt\u00e9kben sz\u00edn\u00e9t eresztheti, mos\u00e1sa sz\u00ednfog\u00f3 kend\u0151vel javasolt.<\/p>\n<p>1 motring 100g\/400m (Nm 16\/4)<\/p>\n<p>\u00d6sszet\u00e9tele: 70% bambusz &#8211; 30% len<\/p>\n<p>K\u00e9zi mos\u00e1s aj\u00e1nlott<br \/>\nFektetve sz\u00e1r\u00edtand\u00f3<br \/>\nSz\u00e1r\u00edt\u00f3g\u00e9ppel sz\u00e1r\u00edtani tilos<br \/>\nK\u00f6zepes fokozaton vasalhat\u00f3<\/p>\n<p>&nbsp;<\/p>\n","protected":false},"excerpt":{"rendered":"<p>Csod\u00e1s \u00f6sszet\u00e9tel\u0171 fonal, puha tapint\u00e1s\u00fa, 4 v\u00e9kony sz\u00e1lb\u00f3l sz\u00e9p egyenletesen van megsodorva. A bambusz finoms\u00e1got \u00e9s enyhe f\u00e9nyt, a len tart\u00e1st \u00e9s er\u0151t ad neki. Az ebb\u0151l k\u00e9sz\u00fclt anyag kiv\u00e1l\u00f3 nedvsz\u00edv\u00f3, ez\u00e9rt t\u00f6r\u00f6lk\u00f6z\u0151, k\u00e9zt\u00f6rl\u0151 sz\u00f6v\u00e9s\u00e9re is kiv\u00e1l\u00f3an alkalmas. K\u00f6tve, horgolva\u00a0 tavaszi-\u0151szi sapk\u00e1hoz, nyakmeleg\u00edt\u0151h\u00f6z, de ak\u00e1r egy v\u00e9konyabb pul\u00f3ver, kardig\u00e1n is elk\u00e9sz\u00edthet\u0151 bel\u0151le. Vastags\u00e1ga \u00e9s \u00f6sszet\u00e9tele &hellip; <\/p>\n<p class=\"link-more\"><a href=\"https:\/\/lenfonal.hu\/index.php\/termek\/bambusz-len-400m-nyers-egyedi-festett-fonal-magenta1\/\" class=\"more-link\">Continue reading<span class=\"screen-reader-text\"> &#8222;Bambusz-len 400m nyers &#8211; egyedi festett fonal &#8211; Magenta1&#8221;<\/span><\/a><\/p>\n","protected":false},"featured_media":2819,"comment_status":"closed","ping_status":"closed","template":"","meta":[],"product_brand":[],"product_cat":[256,69,76],"product_tag":[85,81,77,222,221,83,220,307],"class_list":{"0":"post-2856","1":"product","2":"type-product","3":"status-publish","4":"has-post-thumbnail","6":"product_cat-knit_crochet","7":"product_cat-kezzel-festett","8":"product_cat-len-es-mas","9":"product_tag-100g-400m","10":"product_tag-bambusz","11":"product_tag-egyedi-festett","12":"product_tag-horgolas","13":"product_tag-kotes","14":"product_tag-len-es-mas","15":"product_tag-viszkoz","16":"product_tag-zoknifonal","18":"first","19":"instock","20":"shipping-taxable","21":"purchasable","22":"product-type-simple"},"_links":{"self":[{"href":"https:\/\/lenfonal.hu\/index.php\/wp-json\/wp\/v2\/product\/2856","targetHints":{"allow":["GET"]}}],"collection":[{"href":"https:\/\/lenfonal.hu\/index.php\/wp-json\/wp\/v2\/product"}],"about":[{"href":"https:\/\/lenfonal.hu\/index.php\/wp-json\/wp\/v2\/types\/product"}],"replies":[{"embeddable":true,"href":"https:\/\/lenfonal.hu\/index.php\/wp-json\/wp\/v2\/comments?post=2856"}],"wp:featuredmedia":[{"embeddable":true,"href":"https:\/\/lenfonal.hu\/index.php\/wp-json\/wp\/v2\/media\/2819"}],"wp:attachment":[{"href":"https:\/\/lenfonal.hu\/index.php\/wp-json\/wp\/v2\/media?parent=2856"}],"wp:term":[{"taxonomy":"product_brand","embeddable":true,"href":"https:\/\/lenfonal.hu\/index.php\/wp-json\/wp\/v2\/product_brand?post=2856"},{"taxonomy":"product_cat","embeddable":true,"href":"https:\/\/lenfonal.hu\/index.php\/wp-json\/wp\/v2\/product_cat?post=2856"},{"taxonomy":"product_tag","embeddable":true,"href":"https:\/\/lenfonal.hu\/index.php\/wp-json\/wp\/v2\/product_tag?post=2856"}],"curies":[{"name":"wp","href":"https:\/\/api.w.org\/{rel}","templated":true}]}}