{"id":2904,"date":"2023-03-08T22:03:48","date_gmt":"2023-03-08T21:03:48","guid":{"rendered":"https:\/\/lenfonal.hu\/?post_type=product&#038;p=2904"},"modified":"2025-12-15T18:06:28","modified_gmt":"2025-12-15T17:06:28","slug":"bc-garn-allino-petrolkek","status":"publish","type":"product","link":"https:\/\/lenfonal.hu\/index.php\/termek\/bc-garn-allino-petrolkek\/","title":{"rendered":"BC Garn &#8211; Allino &#8211; Petrolk\u00e9k"},"content":{"rendered":"<p>Ez a fonal k\u00f6nny\u0171 \u00e9s leveg\u0151s, egy tengerparti napra eml\u00e9keztet. Klasszikus pamut \u00e9s len kombin\u00e1ci\u00f3, ami sz\u00e1mos vid\u00e1m \u00e1rnyalatban \u00e9rhet\u0151 el. A k\u00e9t term\u00e9szetes sz\u00e1l kombin\u00e1ci\u00f3ja \u2013 az egyik tomp\u00e1bb, a m\u00e1sik enyh\u00e9n f\u00e9nyes \u2013 \u00e9l\u00e9nkk\u00e9 teszi ezt a sokoldal\u00fa fonalat, ugyanakkor a sz\u00ednek \u00e9rdekes foltoss\u00e1g\u00e1t eredm\u00e9nyezi, amit\u0151l a mint\u00e1k kifinomultak, nem laposodnak el.<\/p>\n<p>Az Allino egy sokoldal\u00fa fonal, rengeteg tavaszi-ny\u00e1ri projekthez felhaszn\u00e1lhat\u00f3, ide\u00e1lis pul\u00f3verekhez \u00e9s fels\u0151kh\u00f6z.<\/p>\n<p>Tapint\u00e1sra egys\u00e9ges, ink\u00e1bb a pamutosan puha, ahogy az elt\u00e9r\u0151 anyagok m\u00e1sk\u00e9nt adj\u00e1k vissza ugyanazokat a sz\u00edneket, \u00fagy izgalmasan cirmos a fonal. A bel\u0151le k\u00e9sz\u00fclt anyag rugalmas, puha, blokkol\u00e1s n\u00e9lk\u00fcl is sz\u00e9p k\u00f6t\u00e9sk\u00e9p\u0171. A megadottn\u00e1l ak\u00e1r nagyobb t\u0171vel is k\u00f6thet\u0151 a szell\u0151sebb hat\u00e1s\u00e9rt.<\/p>\n<p>\u00d6sszet\u00e9tel: 50% Len, 50% Pamut<br \/>\nHossz\u00fas\u00e1g: 125m\/50g<br \/>\nAj\u00e1nlott t\u0171m\u00e9ret: 3-3,5 mm<br \/>\nK\u00f6t\u00e9spr\u00f3ba: 22 = 10 cm<br \/>\nEgy M-es m\u00e9ret\u0171 n\u0151i fels\u0151h\u00f6z sz\u00fcks\u00e9ges mennyis\u00e9g: 550g<br \/>\n40 fokon g\u00e9ppel moshat\u00f3<br \/>\nA fonalahoz felhaszn\u00e1lt len Belgiumb\u00f3l, a pamut t\u00f6bb k\u00fcl\u00f6nb\u00f6z\u0151 orsz\u00e1gb\u00f3l sz\u00e1rmazik, Olaszorsz\u00e1gban k\u00e9sz\u00edtett\u00e9k \u00e9s festett\u00e9k<\/p>\n","protected":false},"excerpt":{"rendered":"<p>Ez a fonal k\u00f6nny\u0171 \u00e9s leveg\u0151s, egy tengerparti napra eml\u00e9keztet. Klasszikus pamut \u00e9s len kombin\u00e1ci\u00f3, ami sz\u00e1mos vid\u00e1m \u00e1rnyalatban \u00e9rhet\u0151 el. A k\u00e9t term\u00e9szetes sz\u00e1l kombin\u00e1ci\u00f3ja \u2013 az egyik tomp\u00e1bb, a m\u00e1sik enyh\u00e9n f\u00e9nyes \u2013 \u00e9l\u00e9nkk\u00e9 teszi ezt a sokoldal\u00fa fonalat, ugyanakkor a sz\u00ednek \u00e9rdekes foltoss\u00e1g\u00e1t eredm\u00e9nyezi, amit\u0151l a mint\u00e1k kifinomultak, nem laposodnak el. Az &hellip; <\/p>\n<p class=\"link-more\"><a href=\"https:\/\/lenfonal.hu\/index.php\/termek\/bc-garn-allino-petrolkek\/\" class=\"more-link\">Continue reading<span class=\"screen-reader-text\"> &#8222;BC Garn &#8211; Allino &#8211; Petrolk\u00e9k&#8221;<\/span><\/a><\/p>\n","protected":false},"featured_media":2905,"comment_status":"closed","ping_status":"closed","template":"","meta":[],"product_brand":[],"product_cat":[148,256,76],"product_tag":[295,222,221,80,83,101],"class_list":{"0":"post-2904","1":"product","2":"type-product","3":"status-publish","4":"has-post-thumbnail","6":"product_cat-pamut","7":"product_cat-knit_crochet","8":"product_cat-len-es-mas","9":"product_tag-allino","10":"product_tag-horgolas","11":"product_tag-kotes","12":"product_tag-len","13":"product_tag-len-es-mas","14":"product_tag-pamut","15":"pa_szin-02-vilagosbarna","16":"pa_szin-07-ezustszurke","17":"pa_szin-11-orgona","18":"pa_szin-13_beige-rozsas-bezs","19":"pa_szin-14-pink","20":"pa_szin-15-bordo","21":"pa_szin-16-cseresznyepiros","22":"pa_szin-18-nugatbarna","23":"pa_szin-23-sarga","24":"pa_szin-26-olivazold","25":"pa_szin-31-jeans","26":"pa_szin-34-turkiz","27":"pa_szin-36-fenyozold","29":"first","30":"instock","31":"shipping-taxable","32":"purchasable","33":"product-type-simple"},"_links":{"self":[{"href":"https:\/\/lenfonal.hu\/index.php\/wp-json\/wp\/v2\/product\/2904","targetHints":{"allow":["GET"]}}],"collection":[{"href":"https:\/\/lenfonal.hu\/index.php\/wp-json\/wp\/v2\/product"}],"about":[{"href":"https:\/\/lenfonal.hu\/index.php\/wp-json\/wp\/v2\/types\/product"}],"replies":[{"embeddable":true,"href":"https:\/\/lenfonal.hu\/index.php\/wp-json\/wp\/v2\/comments?post=2904"}],"wp:featuredmedia":[{"embeddable":true,"href":"https:\/\/lenfonal.hu\/index.php\/wp-json\/wp\/v2\/media\/2905"}],"wp:attachment":[{"href":"https:\/\/lenfonal.hu\/index.php\/wp-json\/wp\/v2\/media?parent=2904"}],"wp:term":[{"taxonomy":"product_brand","embeddable":true,"href":"https:\/\/lenfonal.hu\/index.php\/wp-json\/wp\/v2\/product_brand?post=2904"},{"taxonomy":"product_cat","embeddable":true,"href":"https:\/\/lenfonal.hu\/index.php\/wp-json\/wp\/v2\/product_cat?post=2904"},{"taxonomy":"product_tag","embeddable":true,"href":"https:\/\/lenfonal.hu\/index.php\/wp-json\/wp\/v2\/product_tag?post=2904"}],"curies":[{"name":"wp","href":"https:\/\/api.w.org\/{rel}","templated":true}]}}