{"id":2922,"date":"2023-03-08T22:44:12","date_gmt":"2023-03-08T21:44:12","guid":{"rendered":"https:\/\/lenfonal.hu\/?post_type=product&#038;p=2922"},"modified":"2025-02-13T13:43:45","modified_gmt":"2025-02-13T12:43:45","slug":"kremke-lazy-linen-teglaszin","status":"publish","type":"product","link":"https:\/\/lenfonal.hu\/index.php\/termek\/kremke-lazy-linen-teglaszin\/","title":{"rendered":"Kremke Lazy Linen &#8211; T\u00e9glasz\u00edn"},"content":{"rendered":"<p>Ez a csod\u00e1latos anyagkombin\u00e1ci\u00f3 eredetileg m\u0171sz\u00e1l mentes zoknifonalnak lett kifejlesztve \u00e9s sok visel\u00e9s, mos\u00e1s ut\u00e1n elmondhat\u00f3, hogy be is v\u00e1lt. Emellett annyira sz\u00e9p \u00e9s kellemes tapint\u00e1s\u00fa, hogy kiv\u00e1l\u00f3an alkalmas pul\u00f3verek, kardig\u00e1nok k\u00e9sz\u00edt\u00e9s\u00e9re is.<\/p>\n<p>T\u00f6bbsz\u00e1las, kifejezetten rugalmas sodrat\u00fa, ez\u00e9rt nagyon sz\u00e9p egyenletes k\u00f6t\u00e9sk\u00e9pet ad. A k\u00e9sz anyag rugalmas, puha, szinte omlik, len tartalma miatt viszont m\u00e9gis er\u0151s \u00e9s strapab\u00edr\u00f3. Meleg, de m\u00e9gis j\u00f3l szell\u0151zik.<\/p>\n<p>A sz\u00ednpalett\u00e1ja kifejezetten visszafogott, egym\u00e1shoz t\u00f6k\u00e9letesen passzol\u00f3 sz\u00ednekb\u0151l \u00e1ll, \u00f6sszhat\u00e1s\u00e1ban rusztikusan cirmos, mivel csak a gyapj\u00fat fogja a fest\u00e9k, a len pedig nyers marad.<\/p>\n<p>A gyapj\u00fa er\u0151szakmentes (mulesing free) \u00e9s Csehorsz\u00e1gb\u00f3l sz\u00e1rmazik, a len pedig Belgiumb\u00f3l, \u00fagyhogy ez egy teljesen eur\u00f3pai eredet\u0171 fonal.<\/p>\n<p>100 grammos motringokban kaphat\u00f3<\/p>\n<p>\u00d6sszet\u00e9tel: 80% gyapj\u00fa \/ 20% len<br \/>\nHossz\u00fas\u00e1g: 420m\/100g<br \/>\nAj\u00e1nlott t\u0171m\u00e9ret: 2,5 mm<br \/>\nK\u00f6t\u00e9spr\u00f3ba: 26 = 10 cm<br \/>\nEgy M-es m\u00e9ret\u0171 n\u0151i fels\u0151h\u00f6z sz\u00fcks\u00e9ges mennyis\u00e9g: 400g<br \/>\n30 fokon g\u00e9ppel moshat\u00f3<\/p>\n","protected":false},"excerpt":{"rendered":"<p>Ez a csod\u00e1latos anyagkombin\u00e1ci\u00f3 eredetileg m\u0171sz\u00e1l mentes zoknifonalnak lett kifejlesztve \u00e9s sok visel\u00e9s, mos\u00e1s ut\u00e1n elmondhat\u00f3, hogy be is v\u00e1lt. Emellett annyira sz\u00e9p \u00e9s kellemes tapint\u00e1s\u00fa, hogy kiv\u00e1l\u00f3an alkalmas pul\u00f3verek, kardig\u00e1nok k\u00e9sz\u00edt\u00e9s\u00e9re is. T\u00f6bbsz\u00e1las, kifejezetten rugalmas sodrat\u00fa, ez\u00e9rt nagyon sz\u00e9p egyenletes k\u00f6t\u00e9sk\u00e9pet ad. A k\u00e9sz anyag rugalmas, puha, szinte omlik, len tartalma miatt viszont m\u00e9gis &hellip; <\/p>\n<p class=\"link-more\"><a href=\"https:\/\/lenfonal.hu\/index.php\/termek\/kremke-lazy-linen-teglaszin\/\" class=\"more-link\">Continue reading<span class=\"screen-reader-text\"> &#8222;Kremke Lazy Linen &#8211; T\u00e9glasz\u00edn&#8221;<\/span><\/a><\/p>\n","protected":false},"featured_media":2923,"comment_status":"closed","ping_status":"closed","template":"","meta":[],"product_brand":[],"product_cat":[256,76,308],"product_tag":[310,309,222,221,80,307],"class_list":{"0":"post-2922","1":"product","2":"type-product","3":"status-publish","4":"has-post-thumbnail","6":"product_cat-knit_crochet","7":"product_cat-len-es-mas","8":"product_cat-zoknikotes","9":"product_tag-europa","10":"product_tag-gyapju","11":"product_tag-horgolas","12":"product_tag-kotes","13":"product_tag-len","14":"product_tag-zoknifonal","15":"pa_szin-400-milk","16":"pa_szin-401-bone","17":"pa_szin-402-flutter","18":"pa_szin-403-fatigue","19":"pa_szin-404-neo","20":"pa_szin-405-remnant","21":"pa_szin-406-lacy","22":"pa_szin-407-covet","23":"pa_szin-408-kanoko","24":"pa_szin-409-pyjama","25":"pa_szin-410-pigment","26":"pa_szin-411-kumo","27":"pa_szin-412-cirrus","28":"pa_szin-413-shrub","29":"pa_szin-414-shallow","30":"pa_szin-415-mood","31":"pa_szin-416-velvet","32":"pa_szin-417-print-flinty-black-and-white","33":"pa_szin-418-print-duster-indigo","34":"pa_szin-419-souk","35":"pa_szin-420-pomegranate","37":"first","38":"instock","39":"shipping-taxable","40":"purchasable","41":"product-type-simple"},"_links":{"self":[{"href":"https:\/\/lenfonal.hu\/index.php\/wp-json\/wp\/v2\/product\/2922","targetHints":{"allow":["GET"]}}],"collection":[{"href":"https:\/\/lenfonal.hu\/index.php\/wp-json\/wp\/v2\/product"}],"about":[{"href":"https:\/\/lenfonal.hu\/index.php\/wp-json\/wp\/v2\/types\/product"}],"replies":[{"embeddable":true,"href":"https:\/\/lenfonal.hu\/index.php\/wp-json\/wp\/v2\/comments?post=2922"}],"wp:featuredmedia":[{"embeddable":true,"href":"https:\/\/lenfonal.hu\/index.php\/wp-json\/wp\/v2\/media\/2923"}],"wp:attachment":[{"href":"https:\/\/lenfonal.hu\/index.php\/wp-json\/wp\/v2\/media?parent=2922"}],"wp:term":[{"taxonomy":"product_brand","embeddable":true,"href":"https:\/\/lenfonal.hu\/index.php\/wp-json\/wp\/v2\/product_brand?post=2922"},{"taxonomy":"product_cat","embeddable":true,"href":"https:\/\/lenfonal.hu\/index.php\/wp-json\/wp\/v2\/product_cat?post=2922"},{"taxonomy":"product_tag","embeddable":true,"href":"https:\/\/lenfonal.hu\/index.php\/wp-json\/wp\/v2\/product_tag?post=2922"}],"curies":[{"name":"wp","href":"https:\/\/api.w.org\/{rel}","templated":true}]}}