{"id":3120,"date":"2023-09-13T12:50:54","date_gmt":"2023-09-13T10:50:54","guid":{"rendered":"https:\/\/lenfonal.hu\/?post_type=product&#038;p=3120"},"modified":"2026-04-14T13:44:22","modified_gmt":"2026-04-14T11:44:22","slug":"venne-gots-organikus-len-fonal-1-agu-lila","status":"publish","type":"product","link":"https:\/\/lenfonal.hu\/index.php\/termek\/venne-gots-organikus-len-fonal-1-agu-lila\/","title":{"rendered":"Venne GOTS Organikus len fonal 1 \u00e1g\u00fa &#8211; Lila"},"content":{"rendered":"<p>A Venne-Colcoton holland v\u00e1llalat k\u00f6zel 40 \u00e9ve foglalkozik f\u0151k\u00e9nt sz\u00f6v\u00e9shez val\u00f3 fonalak el\u0151\u00e1ll\u00edt\u00e1s\u00e1val \u00e9s kereskedelm\u00e9vel. Kifejezetten nagy hangs\u00falyt helyeznek term\u00e9keik min\u0151s\u00e9g\u00e9re, ezek el\u0151\u00e1ll\u00edt\u00e1s\u00e1nak k\u00f6rnyezeti, t\u00e1rsadalmi hat\u00e1saira, sok fonaluk a legszigor\u00fabb k\u00f6vetelm\u00e9nyeknek megfelel\u0151 GOTS tan\u00fas\u00edtv\u00e1nnyal rendelkezik.<\/p>\n<p>Aki ezt a fonalat v\u00e1lasztja, biztos lehet benne, hogy az a k\u00f6rnyezetv\u00e9delmi el\u0151\u00edr\u00e1soknak megfelel\u0151, etikus \u00e9s fenntarthat\u00f3 m\u00f3don k\u00e9sz\u00fclt.<\/p>\n<p>Vastags\u00e1ga:<br \/>\nNyers \u00e9s lenfeh\u00e9r: 100g kb. 1006m, Nm 10 (Nel 16\/1)<br \/>\nSz\u00ednes: 100g kb. 1120m, Nm 11,2 (Nel 16\/1)<\/p>\n<p>Ebb\u0151l a vastags\u00e1g\u00fa fonalb\u00f3l k\u00f6zepesen v\u00e9kony textilek k\u00e9sz\u00edthet\u0151k, kiemelten aj\u00e1nlott \u00e9lelmiszerrel, vagy b\u0151rrel k\u00f6zvetlen\u00fcl \u00e9rintkez\u0151 anyagoknak, pl. st\u00f3la, v\u00e1llkend\u0151, keny\u00e9rkend\u0151.<\/p>\n<p>100g-os, k\u00fapos m\u0171anyag cs\u00e9v\u00e9n \u00e9rkezik, mely visszak\u00fcldhet\u0151 \u00fajrahasznos\u00edt\u00e1sra.<\/p>\n<p>&nbsp;<\/p>\n","protected":false},"excerpt":{"rendered":"<p>A Venne-Colcoton holland v\u00e1llalat k\u00f6zel 40 \u00e9ve foglalkozik f\u0151k\u00e9nt sz\u00f6v\u00e9shez val\u00f3 fonalak el\u0151\u00e1ll\u00edt\u00e1s\u00e1val \u00e9s kereskedelm\u00e9vel. Kifejezetten nagy hangs\u00falyt helyeznek term\u00e9keik min\u0151s\u00e9g\u00e9re, ezek el\u0151\u00e1ll\u00edt\u00e1s\u00e1nak k\u00f6rnyezeti, t\u00e1rsadalmi hat\u00e1saira, sok fonaluk a legszigor\u00fabb k\u00f6vetelm\u00e9nyeknek megfelel\u0151 GOTS tan\u00fas\u00edtv\u00e1nnyal rendelkezik. Aki ezt a fonalat v\u00e1lasztja, biztos lehet benne, hogy az a k\u00f6rnyezetv\u00e9delmi el\u0151\u00edr\u00e1soknak megfelel\u0151, etikus \u00e9s fenntarthat\u00f3 m\u00f3don k\u00e9sz\u00fclt. Vastags\u00e1ga: &hellip; <\/p>\n<p class=\"link-more\"><a href=\"https:\/\/lenfonal.hu\/index.php\/termek\/venne-gots-organikus-len-fonal-1-agu-lila\/\" class=\"more-link\">Continue reading<span class=\"screen-reader-text\"> &#8222;Venne GOTS Organikus len fonal 1 \u00e1g\u00fa &#8211; Lila&#8221;<\/span><\/a><\/p>\n","protected":false},"featured_media":1072,"comment_status":"closed","ping_status":"closed","template":"","meta":[],"product_brand":[],"product_cat":[37,22,92,93],"product_tag":[95,98,96,94],"class_list":{"0":"post-3120","1":"product","2":"type-product","3":"status-publish","4":"has-post-thumbnail","6":"product_cat-1-agu","7":"product_cat-len","8":"product_cat-organikus-gots","9":"product_cat-venne","10":"product_tag-gots","11":"product_tag-ketagu","12":"product_tag-organikus","13":"product_tag-venne","14":"pa_szin-1-0005-melysarga","15":"pa_szin-1-2002-mandarin","16":"pa_szin-1-3003-langvoros","17":"pa_szin-1-3005-melyvoros","18":"pa_szin-1-3033-cassis","19":"pa_szin-1-3039-burgundi-voros","20":"pa_szin-1-4005-sotetkek","21":"pa_szin-1-4007-turkiz","22":"pa_szin-1-4023-lila","23":"pa_szin-1-4039-melykek","24":"pa_szin-1-4058-egyiptomi-kek","25":"pa_szin-1-5043-almazold","26":"pa_szin-1-5053-pafranyzold","27":"pa_szin-1-6003-teglabarna","28":"pa_szin-1-7000-nyers","29":"pa_szin-1-7003-antracitszurke","30":"pa_szin-1-7007-lenfeher","31":"pa_szin-1-7023-vilagosszurke","32":"pa_szin-1-7099-fekete","34":"first","35":"instock","36":"shipping-taxable","37":"purchasable","38":"product-type-simple"},"_links":{"self":[{"href":"https:\/\/lenfonal.hu\/index.php\/wp-json\/wp\/v2\/product\/3120","targetHints":{"allow":["GET"]}}],"collection":[{"href":"https:\/\/lenfonal.hu\/index.php\/wp-json\/wp\/v2\/product"}],"about":[{"href":"https:\/\/lenfonal.hu\/index.php\/wp-json\/wp\/v2\/types\/product"}],"replies":[{"embeddable":true,"href":"https:\/\/lenfonal.hu\/index.php\/wp-json\/wp\/v2\/comments?post=3120"}],"wp:featuredmedia":[{"embeddable":true,"href":"https:\/\/lenfonal.hu\/index.php\/wp-json\/wp\/v2\/media\/1072"}],"wp:attachment":[{"href":"https:\/\/lenfonal.hu\/index.php\/wp-json\/wp\/v2\/media?parent=3120"}],"wp:term":[{"taxonomy":"product_brand","embeddable":true,"href":"https:\/\/lenfonal.hu\/index.php\/wp-json\/wp\/v2\/product_brand?post=3120"},{"taxonomy":"product_cat","embeddable":true,"href":"https:\/\/lenfonal.hu\/index.php\/wp-json\/wp\/v2\/product_cat?post=3120"},{"taxonomy":"product_tag","embeddable":true,"href":"https:\/\/lenfonal.hu\/index.php\/wp-json\/wp\/v2\/product_tag?post=3120"}],"curies":[{"name":"wp","href":"https:\/\/api.w.org\/{rel}","templated":true}]}}