{"id":3240,"date":"2023-11-16T15:19:55","date_gmt":"2023-11-16T14:19:55","guid":{"rendered":"https:\/\/lenfonal.hu\/?post_type=product&#038;p=3240"},"modified":"2024-11-03T13:34:07","modified_gmt":"2024-11-03T12:34:07","slug":"merino-len-366m-egyedi-festett-fonal-2","status":"publish","type":"product","link":"https:\/\/lenfonal.hu\/index.php\/termek\/merino-len-366m-egyedi-festett-fonal-2\/","title":{"rendered":"Merino-len 366m egyedi festett fonal"},"content":{"rendered":"<p>\u00d6lel\u0151sen puha egy\u00e1g\u00fa merino gyapj\u00fa fonal, melyhez a len egy csipet rusztikus b\u00e1jt ad.<\/p>\n<p>Megsz\u0151ve igaz\u00e1n meleg kend\u0151t, s\u00e1lat eredm\u00e9nyez.<\/p>\n<p>K\u00f6tve, horgolva kiv\u00e1l\u00f3 sapk\u00e1hoz, nyakmeleg\u00edt\u0151h\u00f6z, vagy ak\u00e1r pul\u00f3verhez is stb.<\/p>\n<p>DK vastags\u00e1g\u00fa, aj\u00e1nlott t\u0171m\u00e9ret: 4-4,5<\/p>\n<p>Professzion\u00e1lis fest\u00e9kkel, nagy gondoss\u00e1ggal k\u00e9sz\u00fclt, ennek ellen\u00e9re kis m\u00e9rt\u00e9kben sz\u00edn\u00e9t eresztheti, mos\u00e1sa sz\u00ednfog\u00f3 kend\u0151vel javasolt.<\/p>\n<p>1 motring 100g\/366m (Nm 3,6)<\/p>\n<p>\u00d6sszet\u00e9tele: 90% merino gyapj\u00fa\u2013 10% len<\/p>\n<p>K\u00e9zi mos\u00e1s aj\u00e1nlott<br \/>\nFektetve sz\u00e1r\u00edtand\u00f3<br \/>\nSz\u00e1r\u00edt\u00f3g\u00e9ppel sz\u00e1r\u00edtani tilos<br \/>\nK\u00f6zepes fokozaton sok g\u0151zzelvasalhat\u00f3<\/p>\n","protected":false},"excerpt":{"rendered":"<p>\u00d6lel\u0151sen puha egy\u00e1g\u00fa merino gyapj\u00fa fonal, melyhez a len egy csipet rusztikus b\u00e1jt ad. Megsz\u0151ve igaz\u00e1n meleg kend\u0151t, s\u00e1lat eredm\u00e9nyez. K\u00f6tve, horgolva kiv\u00e1l\u00f3 sapk\u00e1hoz, nyakmeleg\u00edt\u0151h\u00f6z, vagy ak\u00e1r pul\u00f3verhez is stb. DK vastags\u00e1g\u00fa, aj\u00e1nlott t\u0171m\u00e9ret: 4-4,5 Professzion\u00e1lis fest\u00e9kkel, nagy gondoss\u00e1ggal k\u00e9sz\u00fclt, ennek ellen\u00e9re kis m\u00e9rt\u00e9kben sz\u00edn\u00e9t eresztheti, mos\u00e1sa sz\u00ednfog\u00f3 kend\u0151vel javasolt. 1 motring 100g\/366m (Nm 3,6) &hellip; <\/p>\n<p class=\"link-more\"><a href=\"https:\/\/lenfonal.hu\/index.php\/termek\/merino-len-366m-egyedi-festett-fonal-2\/\" class=\"more-link\">Continue reading<span class=\"screen-reader-text\"> &#8222;Merino-len 366m egyedi festett fonal&#8221;<\/span><\/a><\/p>\n","protected":false},"featured_media":3209,"comment_status":"closed","ping_status":"closed","template":"","meta":[],"product_brand":[],"product_cat":[256,69,76],"product_tag":[77,70,80,83,82],"class_list":{"0":"post-3240","1":"product","2":"type-product","3":"status-publish","4":"has-post-thumbnail","6":"product_cat-knit_crochet","7":"product_cat-kezzel-festett","8":"product_cat-len-es-mas","9":"product_tag-egyedi-festett","10":"product_tag-kezzel-festett","11":"product_tag-len","12":"product_tag-len-es-mas","13":"product_tag-utazas","15":"first","16":"instock","17":"shipping-taxable","18":"purchasable","19":"product-type-simple"},"_links":{"self":[{"href":"https:\/\/lenfonal.hu\/index.php\/wp-json\/wp\/v2\/product\/3240","targetHints":{"allow":["GET"]}}],"collection":[{"href":"https:\/\/lenfonal.hu\/index.php\/wp-json\/wp\/v2\/product"}],"about":[{"href":"https:\/\/lenfonal.hu\/index.php\/wp-json\/wp\/v2\/types\/product"}],"replies":[{"embeddable":true,"href":"https:\/\/lenfonal.hu\/index.php\/wp-json\/wp\/v2\/comments?post=3240"}],"wp:featuredmedia":[{"embeddable":true,"href":"https:\/\/lenfonal.hu\/index.php\/wp-json\/wp\/v2\/media\/3209"}],"wp:attachment":[{"href":"https:\/\/lenfonal.hu\/index.php\/wp-json\/wp\/v2\/media?parent=3240"}],"wp:term":[{"taxonomy":"product_brand","embeddable":true,"href":"https:\/\/lenfonal.hu\/index.php\/wp-json\/wp\/v2\/product_brand?post=3240"},{"taxonomy":"product_cat","embeddable":true,"href":"https:\/\/lenfonal.hu\/index.php\/wp-json\/wp\/v2\/product_cat?post=3240"},{"taxonomy":"product_tag","embeddable":true,"href":"https:\/\/lenfonal.hu\/index.php\/wp-json\/wp\/v2\/product_tag?post=3240"}],"curies":[{"name":"wp","href":"https:\/\/api.w.org\/{rel}","templated":true}]}}