{"id":3292,"date":"2024-01-29T16:07:44","date_gmt":"2024-01-29T15:07:44","guid":{"rendered":"https:\/\/lenfonal.hu\/?post_type=product&#038;p=3292"},"modified":"2025-04-12T06:59:36","modified_gmt":"2025-04-12T04:59:36","slug":"kremke-lazy-lion-zoknifonal-azur-napos-esoerdo","status":"publish","type":"product","link":"https:\/\/lenfonal.hu\/index.php\/termek\/kremke-lazy-lion-zoknifonal-azur-napos-esoerdo\/","title":{"rendered":"Kremke Lazy Lion zoknifonal &#8211; Az\u00far napos es\u0151erd\u0151"},"content":{"rendered":"<ol>\n<li>\u00d6sszet\u00e9tel\u00e9t tekintve hagyom\u00e1nyos zoknifonal, de t\u00fal sz\u00e9p ahhoz, hogy csak cip\u0151be rejts\u00fck. Lehet bel\u0151le j\u00f3gazokni, de ak\u00e1r s\u00e1lak, sapk\u00e1k \u00e9s egy\u00e9b kieg\u00e9sz\u00edt\u0151k is. K\u00fcl\u00f6nlegesen puha \u00e9s csod\u00e1latosak a sz\u00ednei.<\/li>\n<\/ol>\n<p>A neve az\u00e9rt lett Lazy Lion, mert d\u00e9l-afrikai er\u0151szakmentes (mulesing free) farmokr\u00f3l sz\u00e1rmazik a gyapj\u00fa, melyet felhaszn\u00e1ltak hozz\u00e1. Superwash kezelt, azaz k\u00f6nnyen kezelhet\u0151, k\u00edm\u00e9l\u0151 programon 30 fokon mos\u00f3g\u00e9pben is moshat\u00f3.<\/p>\n<p>T\u00f6bbsz\u00e1las, kifejezetten rugalmas sodrat\u00fa, ez\u00e9rt nagyon sz\u00e9p egyenletes k\u00f6t\u00e9sk\u00e9pet ad. K\u00e9zzel festett.<\/p>\n<p>100 grammos motringokban kaphat\u00f3<\/p>\n<p>\u00d6sszet\u00e9tel: 75% gyapj\u00fa \/ 25% nylon<br \/>\nHossz\u00fas\u00e1g: 420m\/100g<br \/>\nAj\u00e1nlott t\u0171m\u00e9ret: 2-3 mm<br \/>\nK\u00f6t\u00e9spr\u00f3ba: 26 = 10 cm<br \/>\nEgy M-es m\u00e9ret\u0171 n\u0151i fels\u0151h\u00f6z sz\u00fcks\u00e9ges mennyis\u00e9g: 400g<br \/>\n30 fokon g\u00e9ppel moshat\u00f3<\/p>\n","protected":false},"excerpt":{"rendered":"<p>\u00d6sszet\u00e9tel\u00e9t tekintve hagyom\u00e1nyos zoknifonal, de t\u00fal sz\u00e9p ahhoz, hogy csak cip\u0151be rejts\u00fck. Lehet bel\u0151le j\u00f3gazokni, de ak\u00e1r s\u00e1lak, sapk\u00e1k \u00e9s egy\u00e9b kieg\u00e9sz\u00edt\u0151k is. K\u00fcl\u00f6nlegesen puha \u00e9s csod\u00e1latosak a sz\u00ednei. A neve az\u00e9rt lett Lazy Lion, mert d\u00e9l-afrikai er\u0151szakmentes (mulesing free) farmokr\u00f3l sz\u00e1rmazik a gyapj\u00fa, melyet felhaszn\u00e1ltak hozz\u00e1. Superwash kezelt, azaz k\u00f6nnyen kezelhet\u0151, k\u00edm\u00e9l\u0151 programon 30 &hellip; <\/p>\n<p class=\"link-more\"><a href=\"https:\/\/lenfonal.hu\/index.php\/termek\/kremke-lazy-lion-zoknifonal-azur-napos-esoerdo\/\" class=\"more-link\">Continue reading<span class=\"screen-reader-text\"> &#8222;Kremke Lazy Lion zoknifonal &#8211; Az\u00far napos es\u0151erd\u0151&#8221;<\/span><\/a><\/p>\n","protected":false},"featured_media":3286,"comment_status":"closed","ping_status":"closed","template":"","meta":[],"product_brand":[],"product_cat":[256,69,308],"product_tag":[309,222,70,221,311,312,307],"class_list":{"0":"post-3292","1":"product","2":"type-product","3":"status-publish","4":"has-post-thumbnail","6":"product_cat-knit_crochet","7":"product_cat-kezzel-festett","8":"product_cat-zoknikotes","9":"product_tag-gyapju","10":"product_tag-horgolas","11":"product_tag-kezzel-festett","12":"product_tag-kotes","13":"product_tag-mulesing-free","14":"product_tag-szinatmenetes","15":"product_tag-zoknifonal","16":"pa_szin-400-milk","17":"pa_szin-401-bone","18":"pa_szin-402-flutter","19":"pa_szin-403-fatigue","20":"pa_szin-404-neo","21":"pa_szin-405-remnant","22":"pa_szin-406-lacy","23":"pa_szin-407-covet","24":"pa_szin-408-kanoko","25":"pa_szin-409-pyjama","26":"pa_szin-410-pigment","27":"pa_szin-411-kumo","28":"pa_szin-412-cirrus","29":"pa_szin-413-shrub","30":"pa_szin-414-shallow","31":"pa_szin-415-mood","32":"pa_szin-416-velvet","33":"pa_szin-417-print-flinty-black-and-white","34":"pa_szin-418-print-duster-indigo","35":"pa_szin-419-souk","36":"pa_szin-420-pomegranate","38":"first","39":"instock","40":"shipping-taxable","41":"purchasable","42":"product-type-simple"},"_links":{"self":[{"href":"https:\/\/lenfonal.hu\/index.php\/wp-json\/wp\/v2\/product\/3292","targetHints":{"allow":["GET"]}}],"collection":[{"href":"https:\/\/lenfonal.hu\/index.php\/wp-json\/wp\/v2\/product"}],"about":[{"href":"https:\/\/lenfonal.hu\/index.php\/wp-json\/wp\/v2\/types\/product"}],"replies":[{"embeddable":true,"href":"https:\/\/lenfonal.hu\/index.php\/wp-json\/wp\/v2\/comments?post=3292"}],"wp:featuredmedia":[{"embeddable":true,"href":"https:\/\/lenfonal.hu\/index.php\/wp-json\/wp\/v2\/media\/3286"}],"wp:attachment":[{"href":"https:\/\/lenfonal.hu\/index.php\/wp-json\/wp\/v2\/media?parent=3292"}],"wp:term":[{"taxonomy":"product_brand","embeddable":true,"href":"https:\/\/lenfonal.hu\/index.php\/wp-json\/wp\/v2\/product_brand?post=3292"},{"taxonomy":"product_cat","embeddable":true,"href":"https:\/\/lenfonal.hu\/index.php\/wp-json\/wp\/v2\/product_cat?post=3292"},{"taxonomy":"product_tag","embeddable":true,"href":"https:\/\/lenfonal.hu\/index.php\/wp-json\/wp\/v2\/product_tag?post=3292"}],"curies":[{"name":"wp","href":"https:\/\/api.w.org\/{rel}","templated":true}]}}