{"id":3305,"date":"2024-01-29T16:36:16","date_gmt":"2024-01-29T15:36:16","guid":{"rendered":"https:\/\/lenfonal.hu\/?post_type=product&#038;p=3305"},"modified":"2024-05-24T19:05:53","modified_gmt":"2024-05-24T17:05:53","slug":"erika-knight-studio-linen-brick","status":"publish","type":"product","link":"https:\/\/lenfonal.hu\/index.php\/termek\/erika-knight-studio-linen-brick\/","title":{"rendered":"Erika Knight Studio Linen &#8211; Brick"},"content":{"rendered":"<p>A len egy \u0151si, fenntarthat\u00f3 m\u00f3don termeszthet\u0151 n\u00f6v\u00e9nyi sz\u00e1l. A len n\u00f6v\u00e9ny term\u00e9szetesen ellen\u00e1ll a k\u00e1rtev\u0151knek, ez\u00e9rt gyakorlatilag sz\u00fcks\u00e9gtelen rovar- \u00e9s gyomirt\u00f3k haszn\u00e1lata, nem ig\u00e9nyel \u00f6nt\u00f6z\u00e9st \u00e9s ar\u00e1nyosan ez a k\u00f6rnyezetbar\u00e1t rostn\u00f6v\u00e9ny adja a n\u00e9gyzetm\u00e9terenk\u00e9nti legnagyobb felhaszn\u00e1lhat\u00f3 mennyis\u00e9get.<\/p>\n<p>A gy\u00f6ny\u00f6r\u0171 \u00e9s k\u00fcl\u00f6nleges \u00fajrahasznos\u00edtott Studio Linen fonal el\u0151\u00e1ll\u00edt\u00e1s\u00e1hoz ipari hullad\u00e9k len sz\u00e1lakat haszn\u00e1lnak fel viszk\u00f3z elj\u00e1r\u00e1ssal \u00e9s fonj\u00e1k \u00f6ssze 15% pr\u00e9mium term\u00e9szetes len sz\u00e1llal. Tapint\u00e1sra sz\u00e1raz, h\u0171v\u00f6s \u00e9rzet\u0171 \u00e9s enyh\u00e9n f\u00e9nyl\u0151 fonal, ami a haszn\u00e1lattal \u00e9s id\u0151vel csak egyre jobb\u00e1 v\u00e1lik. Egy \u0151si rost \u00fajrahasznos\u00edtva a modern felhaszn\u00e1l\u00f3knak.<\/p>\n<p>Sok sz\u00e1las, kifejezetten rugalmas sodrat\u00fa fonal, ez\u00e9rt nagyon sz\u00e9p egyenletes k\u00f6t\u00e9sk\u00e9pet ad. A k\u00e9sz anyag rugalmas, puha, de viszonylag testes, szinte omlik a k\u00e9zben. \u00d6sszet\u00e9tel\u00e9n\u00e9l fogva megd\u00f6bbent\u0151en sok vizet mag\u00e1ba tud sz\u00edvni, de viszonylag gyorsan sz\u00e1rad. Ide\u00e1lis tavaszi-ny\u00e1ri ruh\u00e1k, fels\u0151k k\u00e9sz\u00edt\u00e9s\u00e9hez, de v\u00edzfelvev\u0151 k\u00e9pess\u00e9ge miatt strandruha, t\u00f6r\u00f6lk\u00f6z\u0151, f\u00fcrd\u0151szobai- \u00e9s kozmetikai kell\u00e9kek alapanyag\u00e1ul is szolg\u00e1lhat.<\/p>\n<p>A sz\u00ednpalett\u00e1ja kifejezetten visszafogott, egym\u00e1shoz t\u00f6k\u00e9letesen passzol\u00f3 sz\u00ednekb\u0151l \u00e1ll: 19 egysz\u00edn\u0171 (solid) \u00e9s 2 fr\u00f6csk\u00f6lt hat\u00e1s\u00fa (speckled).<\/p>\n<p>50 grammos motringokban kaphat\u00f3<\/p>\n<p>\u00d6sszet\u00e9tel: 85% \u00fajrahasznos\u00edtott len viszk\u00f3z \/ 15% len<br \/>\nHossz\u00fas\u00e1g: 120m\/50g<br \/>\nAj\u00e1nlott t\u0171m\u00e9ret: 3,5-4 mm<br \/>\nK\u00f6t\u00e9spr\u00f3ba: 21 = 10 cm<br \/>\nEgy M-es m\u00e9ret\u0171 n\u0151i fels\u0151h\u00f6z sz\u00fcks\u00e9ges mennyis\u00e9g: 450g<br \/>\n30 fokon g\u00e9ppel moshat\u00f3<br \/>\nOlaszorsz\u00e1gban k\u00e9sz\u00fclt<\/p>\n","protected":false},"excerpt":{"rendered":"<p>A len egy \u0151si, fenntarthat\u00f3 m\u00f3don termeszthet\u0151 n\u00f6v\u00e9nyi sz\u00e1l. A len n\u00f6v\u00e9ny term\u00e9szetesen ellen\u00e1ll a k\u00e1rtev\u0151knek, ez\u00e9rt gyakorlatilag sz\u00fcks\u00e9gtelen rovar- \u00e9s gyomirt\u00f3k haszn\u00e1lata, nem ig\u00e9nyel \u00f6nt\u00f6z\u00e9st \u00e9s ar\u00e1nyosan ez a k\u00f6rnyezetbar\u00e1t rostn\u00f6v\u00e9ny adja a n\u00e9gyzetm\u00e9terenk\u00e9nti legnagyobb felhaszn\u00e1lhat\u00f3 mennyis\u00e9get. A gy\u00f6ny\u00f6r\u0171 \u00e9s k\u00fcl\u00f6nleges \u00fajrahasznos\u00edtott Studio Linen fonal el\u0151\u00e1ll\u00edt\u00e1s\u00e1hoz ipari hullad\u00e9k len sz\u00e1lakat haszn\u00e1lnak fel viszk\u00f3z elj\u00e1r\u00e1ssal &hellip; <\/p>\n<p class=\"link-more\"><a href=\"https:\/\/lenfonal.hu\/index.php\/termek\/erika-knight-studio-linen-brick\/\" class=\"more-link\">Continue reading<span class=\"screen-reader-text\"> &#8222;Erika Knight Studio Linen &#8211; Brick&#8221;<\/span><\/a><\/p>\n","protected":false},"featured_media":3306,"comment_status":"closed","ping_status":"closed","template":"","meta":[],"product_brand":[],"product_cat":[256,22,76],"product_tag":[218,222,221,80,296,219,220],"class_list":{"0":"post-3305","1":"product","2":"type-product","3":"status-publish","4":"has-post-thumbnail","6":"product_cat-knit_crochet","7":"product_cat-len","8":"product_cat-len-es-mas","9":"product_tag-erika-knight","10":"product_tag-horgolas","11":"product_tag-kotes","12":"product_tag-len","13":"product_tag-studio-linen","14":"product_tag-ujrahasznositott","15":"product_tag-viszkoz","16":"pa_szin-400-milk","17":"pa_szin-401-bone","18":"pa_szin-402-flutter","19":"pa_szin-403-fatigue","20":"pa_szin-404-neo","21":"pa_szin-405-remnant","22":"pa_szin-406-lacy","23":"pa_szin-407-covet","24":"pa_szin-408-kanoko","25":"pa_szin-409-pyjama","26":"pa_szin-410-pigment","27":"pa_szin-411-kumo","28":"pa_szin-412-cirrus","29":"pa_szin-413-shrub","30":"pa_szin-414-shallow","31":"pa_szin-415-mood","32":"pa_szin-416-velvet","33":"pa_szin-417-print-flinty-black-and-white","34":"pa_szin-418-print-duster-indigo","35":"pa_szin-419-souk","36":"pa_szin-420-pomegranate","38":"first","39":"instock","40":"shipping-taxable","41":"purchasable","42":"product-type-simple"},"_links":{"self":[{"href":"https:\/\/lenfonal.hu\/index.php\/wp-json\/wp\/v2\/product\/3305","targetHints":{"allow":["GET"]}}],"collection":[{"href":"https:\/\/lenfonal.hu\/index.php\/wp-json\/wp\/v2\/product"}],"about":[{"href":"https:\/\/lenfonal.hu\/index.php\/wp-json\/wp\/v2\/types\/product"}],"replies":[{"embeddable":true,"href":"https:\/\/lenfonal.hu\/index.php\/wp-json\/wp\/v2\/comments?post=3305"}],"wp:featuredmedia":[{"embeddable":true,"href":"https:\/\/lenfonal.hu\/index.php\/wp-json\/wp\/v2\/media\/3306"}],"wp:attachment":[{"href":"https:\/\/lenfonal.hu\/index.php\/wp-json\/wp\/v2\/media?parent=3305"}],"wp:term":[{"taxonomy":"product_brand","embeddable":true,"href":"https:\/\/lenfonal.hu\/index.php\/wp-json\/wp\/v2\/product_brand?post=3305"},{"taxonomy":"product_cat","embeddable":true,"href":"https:\/\/lenfonal.hu\/index.php\/wp-json\/wp\/v2\/product_cat?post=3305"},{"taxonomy":"product_tag","embeddable":true,"href":"https:\/\/lenfonal.hu\/index.php\/wp-json\/wp\/v2\/product_tag?post=3305"}],"curies":[{"name":"wp","href":"https:\/\/api.w.org\/{rel}","templated":true}]}}