{"id":3559,"date":"2025-04-21T23:51:56","date_gmt":"2025-04-21T21:51:56","guid":{"rendered":"https:\/\/lenfonal.hu\/?post_type=product&#038;p=3559"},"modified":"2025-10-08T15:42:26","modified_gmt":"2025-10-08T13:42:26","slug":"bc-garn-lino-denim","status":"publish","type":"product","link":"https:\/\/lenfonal.hu\/index.php\/termek\/bc-garn-lino-denim\/","title":{"rendered":"BC Garn &#8211; Lino &#8211; Denim"},"content":{"rendered":"<p>Ez a len a legjobb form\u00e1j\u00e1ban. A Lino fonal egyh\u00e9n rusztikus \u00e9s gy\u00f6ny\u00f6r\u0171 f\u00e9nye van. 36 fantasztikus sz\u00ednben l\u00e9tezik \u00e9s mindenk\u00e9ppen ki kell pr\u00f3b\u00e1lni!<\/p>\n<p>A Lino t\u00f6k\u00e9letes a forr\u00f3 ny\u00e1ri id\u0151j\u00e1r\u00e1shoz, mivel l\u00e9legz\u0151, kiv\u00e1l\u00f3 nedvess\u00e9g elvezet\u0151 tulajdons\u00e1gai vannak, amik h\u0171v\u00f6sen tartj\u00e1k a b\u0151rt \u00e9s gyorsabban sz\u00e1rad, mint m\u00e1s anyagok. Kiv\u00e1l\u00f3 k\u00e9zi k\u00f6t\u00e9shez, sz\u00f6v\u00e9shez \u00e9s g\u00e9pi k\u00f6t\u00e9shez is. A gyapj\u00faval ellent\u00e9tben, min\u00e9l t\u00f6bbet mossuk, a len ann\u00e1l puh\u00e1bb \u00e9s csod\u00e1latosabb lesz.<\/p>\n<p>\u00d6sszet\u00e9tel: 100% Len<br \/>\nHossz\u00fas\u00e1g: 150m\/50g<br \/>\nAj\u00e1nlott t\u0171m\u00e9ret: 3-4 mm<br \/>\nK\u00f6t\u00e9spr\u00f3ba: 21 = 10 cm<br \/>\nEgy M-es m\u00e9ret\u0171 n\u0151i fels\u0151h\u00f6z sz\u00fcks\u00e9ges mennyis\u00e9g: 450g<br \/>\n30 fokon g\u00e9ppel moshat\u00f3<\/p>\n<p>A fonalahoz felhaszn\u00e1lt len Olaszorsz\u00e1gb\u00f3l sz\u00e1rmazik Szerbi\u00e1ban k\u00e9sz\u00edtett\u00e9k \u00e9s festett\u00e9k. A fest\u00e9kanyagok \u00e1llati sz\u00e1rmaz\u00e9kokt\u00f3l mentesek, ez\u00e9rt ez a fonal igaz\u00e1n veg\u00e1nnak sz\u00e1m\u00edt.<\/p>\n","protected":false},"excerpt":{"rendered":"<p>Ez a len a legjobb form\u00e1j\u00e1ban. A Lino fonal egyh\u00e9n rusztikus \u00e9s gy\u00f6ny\u00f6r\u0171 f\u00e9nye van. 36 fantasztikus sz\u00ednben l\u00e9tezik \u00e9s mindenk\u00e9ppen ki kell pr\u00f3b\u00e1lni! A Lino t\u00f6k\u00e9letes a forr\u00f3 ny\u00e1ri id\u0151j\u00e1r\u00e1shoz, mivel l\u00e9legz\u0151, kiv\u00e1l\u00f3 nedvess\u00e9g elvezet\u0151 tulajdons\u00e1gai vannak, amik h\u0171v\u00f6sen tartj\u00e1k a b\u0151rt \u00e9s gyorsabban sz\u00e1rad, mint m\u00e1s anyagok. Kiv\u00e1l\u00f3 k\u00e9zi k\u00f6t\u00e9shez, sz\u00f6v\u00e9shez \u00e9s g\u00e9pi &hellip; <\/p>\n<p class=\"link-more\"><a href=\"https:\/\/lenfonal.hu\/index.php\/termek\/bc-garn-lino-denim\/\" class=\"more-link\">Continue reading<span class=\"screen-reader-text\"> &#8222;BC Garn &#8211; Lino &#8211; Denim&#8221;<\/span><\/a><\/p>\n","protected":false},"featured_media":3529,"comment_status":"closed","ping_status":"closed","template":"","meta":[],"product_brand":[],"product_cat":[148,256,22],"product_tag":[295,222,221,80,83,101],"class_list":{"0":"post-3559","1":"product","2":"type-product","3":"status-publish","4":"has-post-thumbnail","6":"product_cat-pamut","7":"product_cat-knit_crochet","8":"product_cat-len","9":"product_tag-allino","10":"product_tag-horgolas","11":"product_tag-kotes","12":"product_tag-len","13":"product_tag-len-es-mas","14":"product_tag-pamut","15":"pa_szin-02-vilagosbarna","16":"pa_szin-07-ezustszurke","17":"pa_szin-11-orgona","18":"pa_szin-13_beige-rozsas-bezs","19":"pa_szin-14-pink","20":"pa_szin-15-bordo","21":"pa_szin-16-cseresznyepiros","22":"pa_szin-18-nugatbarna","23":"pa_szin-23-sarga","24":"pa_szin-26-olivazold","25":"pa_szin-31-jeans","26":"pa_szin-34-turkiz","27":"pa_szin-36-fenyozold","29":"first","30":"instock","31":"shipping-taxable","32":"purchasable","33":"product-type-simple"},"_links":{"self":[{"href":"https:\/\/lenfonal.hu\/index.php\/wp-json\/wp\/v2\/product\/3559","targetHints":{"allow":["GET"]}}],"collection":[{"href":"https:\/\/lenfonal.hu\/index.php\/wp-json\/wp\/v2\/product"}],"about":[{"href":"https:\/\/lenfonal.hu\/index.php\/wp-json\/wp\/v2\/types\/product"}],"replies":[{"embeddable":true,"href":"https:\/\/lenfonal.hu\/index.php\/wp-json\/wp\/v2\/comments?post=3559"}],"wp:featuredmedia":[{"embeddable":true,"href":"https:\/\/lenfonal.hu\/index.php\/wp-json\/wp\/v2\/media\/3529"}],"wp:attachment":[{"href":"https:\/\/lenfonal.hu\/index.php\/wp-json\/wp\/v2\/media?parent=3559"}],"wp:term":[{"taxonomy":"product_brand","embeddable":true,"href":"https:\/\/lenfonal.hu\/index.php\/wp-json\/wp\/v2\/product_brand?post=3559"},{"taxonomy":"product_cat","embeddable":true,"href":"https:\/\/lenfonal.hu\/index.php\/wp-json\/wp\/v2\/product_cat?post=3559"},{"taxonomy":"product_tag","embeddable":true,"href":"https:\/\/lenfonal.hu\/index.php\/wp-json\/wp\/v2\/product_tag?post=3559"}],"curies":[{"name":"wp","href":"https:\/\/api.w.org\/{rel}","templated":true}]}}