{"id":447,"date":"2020-09-12T17:21:41","date_gmt":"2020-09-12T15:21:41","guid":{"rendered":"https:\/\/lenfonal.hu\/?post_type=product&#038;p=447"},"modified":"2025-08-05T09:35:05","modified_gmt":"2025-08-05T07:35:05","slug":"napraforgo-2","status":"publish","type":"product","link":"https:\/\/lenfonal.hu\/index.php\/termek\/napraforgo-2\/","title":{"rendered":"Napraforg\u00f3 2 \u00e1g\u00fa len fonal"},"content":{"rendered":"<p>Eur\u00f3pai uni\u00f3b\u00f3l sz\u00e1rmaz\u00f3, min\u0151s\u00e9gi v\u00e9kony len fonal.<\/p>\n<p>K\u00e9t, \u00f6sszesodort v\u00e9kony sz\u00e1lb\u00f3l \u00e1ll. Lenre jellemz\u0151 m\u00f3don finoman f\u00e9nylik \u00e9s helyenk\u00e9nt kisebb g\u00f6b\u00f6k, egyenetlens\u00e9gek tark\u00edtj\u00e1k, mely a bel\u0151le k\u00e9sz\u00fclt darabok rusztikuss\u00e1g\u00e1t adja.<\/p>\n<p>Er\u0151s finomtextilek sz\u00f6v\u00e9s\u00e9hez kiv\u00e1l\u00f3an alkalmas, mint pl. keny\u00e9rkend\u0151, konyharuha, asztalter\u00edt\u0151, fels\u0151ruh\u00e1zat anyaga, babahordoz\u00f3 kend\u0151 stb.<\/p>\n<p>J\u00f3l kezelhet\u0151 kiszerel\u00e9sben, m\u0171anyag cs\u00e9v\u00e9n \u00e9rkezik, melyet visszafogadok \u00fajrahasznos\u00edt\u00e1sra.<\/p>\n<p>\u00d6sszet\u00e9tel: 100% len<br \/>\nHossz\u00fas\u00e1g: 895m\/100g (Tex 56&#215;2 \/ Nm 17,9\/2)<br \/>\n40 fokon g\u00e9ppel moshat\u00f3<br \/>\nFektetve, k\u00f6zvetlen napf\u00e9nyt\u0151l v\u00e9dve sz\u00e1r\u00edtand\u00f3<br \/>\nSz\u00e1r\u00edt\u00f3g\u00e9p haszn\u00e1lata ker\u00fclend\u0151<br \/>\nMagas fokozaton vasalhat\u00f3<\/p>\n","protected":false},"excerpt":{"rendered":"<p>Eur\u00f3pai uni\u00f3b\u00f3l sz\u00e1rmaz\u00f3, min\u0151s\u00e9gi v\u00e9kony len fonal. K\u00e9t, \u00f6sszesodort v\u00e9kony sz\u00e1lb\u00f3l \u00e1ll. Lenre jellemz\u0151 m\u00f3don finoman f\u00e9nylik \u00e9s helyenk\u00e9nt kisebb g\u00f6b\u00f6k, egyenetlens\u00e9gek tark\u00edtj\u00e1k, mely a bel\u0151le k\u00e9sz\u00fclt darabok rusztikuss\u00e1g\u00e1t adja. Er\u0151s finomtextilek sz\u00f6v\u00e9s\u00e9hez kiv\u00e1l\u00f3an alkalmas, mint pl. keny\u00e9rkend\u0151, konyharuha, asztalter\u00edt\u0151, fels\u0151ruh\u00e1zat anyaga, babahordoz\u00f3 kend\u0151 stb. J\u00f3l kezelhet\u0151 kiszerel\u00e9sben, m\u0171anyag cs\u00e9v\u00e9n \u00e9rkezik, melyet visszafogadok \u00fajrahasznos\u00edt\u00e1sra. \u00d6sszet\u00e9tel: &hellip; <\/p>\n<p class=\"link-more\"><a href=\"https:\/\/lenfonal.hu\/index.php\/termek\/napraforgo-2\/\" class=\"more-link\">Continue reading<span class=\"screen-reader-text\"> &#8222;Napraforg\u00f3 2 \u00e1g\u00fa len fonal&#8221;<\/span><\/a><\/p>\n","protected":false},"featured_media":157,"comment_status":"closed","ping_status":"closed","template":"","meta":[],"product_brand":[],"product_cat":[43,22],"product_tag":[71],"class_list":{"0":"post-447","1":"product","2":"type-product","3":"status-publish","4":"has-post-thumbnail","6":"product_cat-2-agu","7":"product_cat-len","8":"product_tag-originals-2-agu","9":"pa_egyseg-100-gramm-2","10":"pa_egyseg-20-gramm-2","11":"pa_egyseg-50-gramm-2","13":"first","14":"instock","15":"purchasable","16":"product-type-variable"},"_links":{"self":[{"href":"https:\/\/lenfonal.hu\/index.php\/wp-json\/wp\/v2\/product\/447","targetHints":{"allow":["GET"]}}],"collection":[{"href":"https:\/\/lenfonal.hu\/index.php\/wp-json\/wp\/v2\/product"}],"about":[{"href":"https:\/\/lenfonal.hu\/index.php\/wp-json\/wp\/v2\/types\/product"}],"replies":[{"embeddable":true,"href":"https:\/\/lenfonal.hu\/index.php\/wp-json\/wp\/v2\/comments?post=447"}],"wp:featuredmedia":[{"embeddable":true,"href":"https:\/\/lenfonal.hu\/index.php\/wp-json\/wp\/v2\/media\/157"}],"wp:attachment":[{"href":"https:\/\/lenfonal.hu\/index.php\/wp-json\/wp\/v2\/media?parent=447"}],"wp:term":[{"taxonomy":"product_brand","embeddable":true,"href":"https:\/\/lenfonal.hu\/index.php\/wp-json\/wp\/v2\/product_brand?post=447"},{"taxonomy":"product_cat","embeddable":true,"href":"https:\/\/lenfonal.hu\/index.php\/wp-json\/wp\/v2\/product_cat?post=447"},{"taxonomy":"product_tag","embeddable":true,"href":"https:\/\/lenfonal.hu\/index.php\/wp-json\/wp\/v2\/product_tag?post=447"}],"curies":[{"name":"wp","href":"https:\/\/api.w.org\/{rel}","templated":true}]}}